{"id":123210,"date":"2023-03-05T21:34:12","date_gmt":"2023-03-05T19:34:12","guid":{"rendered":"https:\/\/www.thegfrecipes.com\/kategoriler\/"},"modified":"2024-01-30T19:12:01","modified_gmt":"2024-01-30T17:12:01","slug":"kategoriler","status":"publish","type":"page","link":"https:\/\/www.thegfrecipes.com\/tr\/kategoriler\/","title":{"rendered":"Kategoriler"},"content":{"rendered":"\n<div class=\"wp-block-rank-math-toc-block\" id=\"rank-math-toc\"><h2>Table of Contents<\/h2><nav><ul><li><a href=\"#gluten-free-pastry\">Glutensiz B\u00f6rek<\/a><\/li><li><a href=\"#gluten-free-breakfast\">Glutensiz Kahvalt\u0131<\/a><\/li><li><a href=\"#gluten-free-lunch\">Glutensiz \u00d6\u011fle Yeme\u011fi<\/a><\/li><li><a href=\"#gluten-free-dinner\">Glutensiz Ak\u015fam Yeme\u011fi<\/a><\/li><li><a href=\"#gluten-free-categories\">Glutensiz Kategoriler<\/a><\/li><\/ul><\/nav><\/div>\n\n<p>Blogumuzun glutensiz kategorilerine ho\u015f geldiniz, burada diyet ihtiya\u00e7lar\u0131n\u0131z\u0131 kar\u015f\u0131lamak i\u00e7in \u00f6zenle se\u00e7ilmi\u015f nefis bir dizi tarif sunuyoruz. Kategori sayfam\u0131z, gl\u00fctensiz bir ya\u015fam tarz\u0131na ba\u011fl\u0131 kal\u0131rken isteklerinizi tatmin edecek cazip se\u00e7eneklerle doludur. Keyifli bir hamur i\u015fi, doyurucu bir kahvalt\u0131, tatmin edici bir \u00f6\u011fle yeme\u011fi veya lezzetli bir ak\u015fam yeme\u011fi havas\u0131nda olun, sizi teminat alt\u0131na ald\u0131k!  <\/p>\n\n<h2 class=\"wp-block-heading\" id=\"gluten-free-pastry\"><a href=\"https:\/\/www.thegfrecipes.com\/category\/pastacilik\/?lang=tr\">Glutensiz B\u00f6rek<\/a><\/h2>\n\n<p>Tat ve dokudan \u00f6d\u00fcn vermeden lezzetli ikramlar yaratma sanat\u0131nda ustala\u015ft\u0131\u011f\u0131m\u0131z gl\u00fctensiz hamur i\u015flerinin cennet gibi d\u00fcnyas\u0131nda kendinizi \u015f\u0131mart\u0131n. Lapa lapa turtadan a\u011f\u0131zda da\u011f\u0131lan kurabiyelere kadar, hamur i\u015fi tariflerimiz daha fazlas\u0131n\u0131 arzulaman\u0131za neden olacak. <\/p>\n\n<h2 class=\"wp-block-heading\" id=\"gluten-free-breakfast\"><a href=\"https:\/\/www.thegfrecipes.com\/category\/kahvalti\/?lang=tr\">Glutensiz Kahvalt\u0131<\/a><\/h2>\n\n<p>A\u011f\u0131z suland\u0131ran gl\u00fctensiz kahvalt\u0131 tariflerimizle g\u00fcne do\u011fru ba\u015flay\u0131n. Kabar\u0131k krepler, tuzlu frittatalar ve besleyici smoothie kaseleri gibi s\u0131radanl\u0131\u011f\u0131n \u00f6tesine ge\u00e7en \u00e7e\u015fitli se\u00e7eneklerin tad\u0131n\u0131 \u00e7\u0131kar\u0131n. Bu tarifler lezzetle doludur ve \u00f6n\u00fcn\u00fczdeki harika bir g\u00fcn i\u00e7in size enerji verecektir.  <\/p>\n\n<h2 class=\"wp-block-heading\" id=\"gluten-free-lunch\"><a href=\"https:\/\/www.thegfrecipes.com\/category\/ogle-yemegi\/?lang=tr\">Glutensiz \u00d6\u011fle Yeme\u011fi<\/a><\/h2>\n\n<p>Glutensiz \u00f6\u011fle yeme\u011fi tariflerimiz size hem besleyici hem de lezzetli doyurucu bir \u00f6\u011flen yeme\u011fi sa\u011flamak i\u00e7in tasarlanm\u0131\u015ft\u0131r. Sizi tatmin olmu\u015f ve g\u00fcn\u00fcn geri kalan\u0131n\u0131 fethetmeye haz\u0131r hissettirecek salata, sandvi\u00e7, d\u00fcr\u00fcm ve doyurucu \u00e7orba \u00e7e\u015fitlerini ke\u015ffedin. <\/p>\n\n<h2 class=\"wp-block-heading\" id=\"gluten-free-dinner\"><a href=\"https:\/\/www.thegfrecipes.com\/category\/aksam-yemegi\/?lang=tr\">Glutensiz Ak\u015fam Yeme\u011fi<\/a><\/h2>\n\n<p>\u00c7e\u015fitli glutensiz ak\u015fam yeme\u011fi tarifleri koleksiyonumuzla g\u00fcn\u00fcn\u00fcz\u00fc y\u00fcksek bir notla bitirin. Rahatlat\u0131c\u0131 g\u00fcve\u00e7lerden k\u0131\u015fk\u0131rt\u0131c\u0131 k\u0131zartmalara ve zarif ana yemeklere kadar her damak tad\u0131na uygun geni\u015f bir se\u00e7enek yelpazesi sunuyoruz. Bu tarifler, yemek zaman\u0131n\u0131 siz ve sevdikleriniz i\u00e7in keyifli bir deneyim haline getirecek.  <\/p>\n\n<h2 class=\"wp-block-heading\" id=\"gluten-free-categories\"><a href=\"https:\/\/www.thegfrecipes.com\/gluten-free-categories\/\">Glutensiz Kategoriler<\/a><\/h2>\n\n<p>\u00c7ok say\u0131da gl\u00fctensiz kategori<br\/>En iyi glutensiz kategoriler<\/p>\n\n<p>Glutensiz kategorilerin tam listesi<\/p>\n\n<p>Lezzetli gl\u00fctensiz kategoriler<br\/>\u00c7\u00f6lyak hastal\u0131\u011f\u0131, d\u00fcnya \u00e7ap\u0131nda milyonlarca insan\u0131 etkileyen, yayg\u0131n fakat s\u0131kl\u0131kla yanl\u0131\u015f anla\u015f\u0131lan bir otoimm\u00fcn bozukluktur. Yayg\u0131n olmas\u0131na ra\u011fmen, pek \u00e7ok ki\u015fiye tan\u0131 konulamamakta veya yanl\u0131\u015f tan\u0131 konulmakta, bu da y\u0131llarca gereksiz ac\u0131lara yol a\u00e7maktad\u0131r. Bu yaz\u0131da \u00e7\u00f6lyak hastal\u0131\u011f\u0131n\u0131n semptomlar\u0131n\u0131, te\u015fhisini ve tedavisini tart\u0131\u015faca\u011f\u0131z ve ayn\u0131 zamanda durumu y\u00f6netmek i\u00e7in yararl\u0131 ipu\u00e7lar\u0131 sunaca\u011f\u0131z.  <\/p>\n\n<p>\u00c7\u00f6lyak hastal\u0131\u011f\u0131n\u0131z oldu\u011fundan \u015f\u00fcpheleniyorsan\u0131z, bir t\u0131p uzman\u0131na g\u00f6r\u00fcnmeniz \u00e7ok \u00f6nemlidir. \u00c7\u00f6lyak hastal\u0131\u011f\u0131n\u0131n te\u015fhisinde ilk ad\u0131m, v\u00fccudun glutene tepki olarak \u00fcretti\u011fi antikorlar\u0131 kontrol etmek i\u00e7in bir kan testidir. Kan testi pozitif \u00e7\u0131karsa doktorunuz tan\u0131y\u0131 do\u011frulamak i\u00e7in ince ba\u011f\u0131rsaktan biyopsi yap\u0131lmas\u0131n\u0131 \u00f6nerebilir.  <\/p>\n\n<p>\u00c7\u00f6lyak hastal\u0131\u011f\u0131n\u0131n tek tedavisi s\u0131k\u0131 bir glutensiz diyettir. Bu, ekmek, makarna, bira ve hatta baz\u0131 ila\u00e7lar ve takviyeler dahil olmak \u00fczere gl\u00fcten i\u00e7eren t\u00fcm yiyecek ve i\u00e7eceklerden ka\u00e7\u0131nmak anlam\u0131na gelir. Diyetinizin dengeli oldu\u011fundan ve beslenme ihtiya\u00e7lar\u0131n\u0131z\u0131 kar\u015f\u0131lad\u0131\u011f\u0131ndan emin olmak i\u00e7in kay\u0131tl\u0131 bir diyetisyen veya beslenme uzman\u0131 ile \u00e7al\u0131\u015fmak \u00e7ok \u00f6nemlidir.  <\/p>\n\n<p>\u00c7\u00f6lyak hastal\u0131\u011f\u0131yla ya\u015famak zorlay\u0131c\u0131 olabilir ancak bu durumu y\u00f6netmenize yard\u0131mc\u0131 olacak bir\u00e7ok kaynak ve destek sistemi mevcuttur. \u00c7\u00f6lyak hastal\u0131\u011f\u0131n\u0131 y\u00f6netmek i\u00e7in baz\u0131 ipu\u00e7lar\u0131 \u015funlard\u0131r: <\/p>\n\n<ul class=\"wp-block-list\">\n<li>G\u0131da etiketlerini okumay\u0131 ve gizli gluten kaynaklar\u0131n\u0131 tan\u0131mlamay\u0131 \u00f6\u011frenin<\/li>\n\n\n\n<li>D\u0131\u015far\u0131da yemek yerken veya seyahat ederken gl\u00fctensiz at\u0131\u015ft\u0131rmal\u0131klar ve yemekler ile haz\u0131rl\u0131kl\u0131 olun<\/li>\n\n\n\n<li>\u00c7\u00f6lyak hastal\u0131\u011f\u0131 olan ki\u015filer i\u00e7in yerel veya \u00e7evrimi\u00e7i bir destek grubuna kat\u0131l\u0131n<\/li>\n\n\n\n<li>Ailenizi ve arkada\u015flar\u0131n\u0131z\u0131 durum ve gl\u00fctensiz beslenmenin \u00f6nemi hakk\u0131nda e\u011fitin<\/li>\n\n\n\n<li>Kronik bir durumla ya\u015faman\u0131n duygusal etkilerini ele almak i\u00e7in bir terapist veya dan\u0131\u015fmanla konu\u015fmay\u0131 d\u00fc\u015f\u00fcn\u00fcn<\/li>\n<\/ul>\n\n<p>\u00c7\u00f6lyak hastal\u0131\u011f\u0131yla ilgili ara\u015ft\u0131rmalar devam ediyor ve ufukta umut verici yeni tedaviler ve terapiler var. \u00c7\u00f6lyak hastal\u0131\u011f\u0131 ara\u015ft\u0131rmalar\u0131n\u0131n odakland\u0131\u011f\u0131 alanlardan baz\u0131lar\u0131 \u015funlard\u0131r: <\/p>\n\n<ul class=\"wp-block-list\">\n<li>\u0130nce ba\u011f\u0131rsa\u011f\u0131n glutenin neden oldu\u011fu hasardan korunmas\u0131na yard\u0131mc\u0131 olacak ila\u00e7lar geli\u015ftirmek<\/li>\n\n\n\n<li>Ba\u011f\u0131rsak mikrobiyotas\u0131n\u0131n \u00e7\u00f6lyak hastal\u0131\u011f\u0131ndaki rol\u00fcn\u00fcn incelenmesi<\/li>\n\n\n\n<li>\u00c7\u00f6lyak hastal\u0131\u011f\u0131 i\u00e7in potansiyel genetik tedavilerin ara\u015ft\u0131r\u0131lmas\u0131<\/li>\n<\/ul>\n\n<p>\u00c7\u00f6lyak hastal\u0131\u011f\u0131, gl\u00fctensiz bir diyete \u00f6m\u00fcr boyu ba\u011fl\u0131l\u0131k gerektiren ciddi bir otoimm\u00fcn hastal\u0131kt\u0131r. \u00c7\u00f6lyak hastal\u0131\u011f\u0131n\u0131z oldu\u011fundan \u015f\u00fcpheleniyorsan\u0131z, bir t\u0131p uzman\u0131ndan tan\u0131 alman\u0131z ve durumu y\u00f6netmek i\u00e7in kay\u0131tl\u0131 bir diyetisyen veya beslenme uzman\u0131 ile \u00e7al\u0131\u015fman\u0131z \u00f6nemlidir. Uygun bak\u0131m ve y\u00f6netim ile \u00e7\u00f6lyak hastal\u0131\u011f\u0131 olan ki\u015filer sa\u011fl\u0131kl\u0131 ve tatmin edici bir ya\u015fam s\u00fcrd\u00fcrebilirler.  <\/p>\n\n<p>Glutensiz beslenme i\u00e7in kapsaml\u0131 bir rehber mi ar\u0131yorsunuz? \u0130ster \u00e7\u00f6lyak hastal\u0131\u011f\u0131 veya gl\u00fcten intolerans\u0131 olan biri olun, ister sadece gl\u00fcten al\u0131m\u0131n\u0131z\u0131 azaltmak istiyor olun, hangi g\u0131dalar\u0131n g\u00fcvenli oldu\u011funu ve hangilerinden ka\u00e7\u0131nman\u0131z gerekti\u011fini bilmek \u00e7ok \u00f6nemlidir. Bu makalede, dengeli bir diyet s\u00fcrd\u00fcrmenize yard\u0131mc\u0131 olacak baz\u0131 lezzetli ve sa\u011fl\u0131kl\u0131 se\u00e7enekler de dahil olmak \u00fczere size bir glutensiz g\u0131da listesi sunaca\u011f\u0131z.  <\/p>\n\n<p>Gluten bu\u011fday, arpa, \u00e7avdar ve t\u00fcrevlerinde bulunan bir proteindir. Ekmek, pizza hamuru ve makarna da dahil olmak \u00fczere pek \u00e7ok f\u0131r\u0131nlanm\u0131\u015f \u00fcr\u00fcn\u00fcn esnekli\u011finden ve dokusundan sorumludur. Ne yaz\u0131k ki, \u00e7\u00f6lyak hastal\u0131\u011f\u0131 olan ki\u015filer i\u00e7in gluten t\u00fcketmek, ince ba\u011f\u0131rsak zar\u0131na zarar vererek besinlerin emilim bozuklu\u011funa ve \u00e7e\u015fitli sa\u011fl\u0131k sorunlar\u0131na yol a\u00e7abilir.  <\/p>\n\n<p>Facebook sayfam\u0131z: <a href=\"https:\/\/www.facebook.com\/thegfrecipes\" target=\"_blank\" rel=\"noopener\">https:\/\/www.facebook.com\/thegfrecipes<\/a><\/p>\n\n<p>Pasta tariflerimiz: <a href=\"https:\/\/www.thegfrecipes.com\/category\/pastacilik\/?lang=tr\">https:\/\/www.thegfrecipes.com\/category\/pastry\/<\/a><\/p>\n\n<figure class=\"wp-block-image size-large is-resized\"><img loading=\"lazy\" decoding=\"async\" src=\"https:\/\/www.thegfrecipes.com\/wp-content\/uploads\/2023\/06\/Snapshot_1079-1024x576.jpg\" alt=\"gl&#xFC;tensi&#x307;z kategori&#x307;ler\" class=\"wp-image-113244\" width=\"336\" height=\"188\" srcset=\"https:\/\/www.thegfrecipes.com\/wp-content\/uploads\/2023\/06\/Snapshot_1079-1024x576.jpg 1024w, https:\/\/www.thegfrecipes.com\/wp-content\/uploads\/2023\/06\/Snapshot_1079-300x169.jpg 300w, https:\/\/www.thegfrecipes.com\/wp-content\/uploads\/2023\/06\/Snapshot_1079-768x432.jpg 768w, https:\/\/www.thegfrecipes.com\/wp-content\/uploads\/2023\/06\/Snapshot_1079-1536x864.jpg 1536w, https:\/\/www.thegfrecipes.com\/wp-content\/uploads\/2023\/06\/Snapshot_1079-500x281.jpg 500w, https:\/\/www.thegfrecipes.com\/wp-content\/uploads\/2023\/06\/Snapshot_1079-1300x731.jpg 1300w, https:\/\/www.thegfrecipes.com\/wp-content\/uploads\/2023\/06\/Snapshot_1079.jpg 1920w\" sizes=\"auto, (max-width: 336px) 100vw, 336px\" \/><\/figure>\n","protected":false},"excerpt":{"rendered":"<p>Blogumuzun glutensiz kategorilerine ho\u015f geldiniz, burada diyet ihtiya\u00e7lar\u0131n\u0131z\u0131 kar\u015f\u0131lamak i\u00e7in \u00f6zenle se\u00e7ilmi\u015f nefis bir dizi tarif sunuyoruz. Kategori sayfam\u0131z, gl\u00fctensiz bir ya\u015fam tarz\u0131na ba\u011fl\u0131 kal\u0131rken isteklerinizi tatmin edecek cazip se\u00e7eneklerle doludur. Keyifli bir hamur i\u015fi, doyurucu bir kahvalt\u0131, tatmin edici bir \u00f6\u011fle yeme\u011fi veya lezzetli bir ak\u015fam yeme\u011fi havas\u0131nda olun, sizi teminat alt\u0131na ald\u0131k! Glutensiz&#8230;<\/p>\n<div class=\" [&hellip;]\"><a href=\"https:\/\/www.thegfrecipes.com\/tr\/kategoriler\/\">Read More<\/a><\/div>\n","protected":false},"author":2,"featured_media":0,"parent":0,"menu_order":0,"comment_status":"closed","ping_status":"closed","template":"page-categories.php","meta":{"footnotes":""},"class_list":["post-123210","page","type-page","status-publish","hentry"],"acf":{"sub_title":"","which_categories_to_show":"select","category_items":[{"title":"Pastac\u0131l\u0131k","description":"\u0130ster bir ak\u015fam yeme\u011fi partisine ev sahipli\u011fi yap\u0131yor, ister \u00f6zel bir g\u00fcn\u00fc kutluyor ya da sadece ak\u015fam yeme\u011finden sonra tatl\u0131 bir ikram ar\u0131yor olun, tatl\u0131lar\u0131m\u0131z ger\u00e7ekten gl\u00fctensiz olup olmad\u0131klar\u0131n\u0131 merak etmenize neden olacak. Lezzetli eklerlerimizi, profiterollerimizi, fudge'lar\u0131m\u0131z\u0131, \u00e7\u00f6reklerimizi, cheesecake'lerimizi, rulolar\u0131m\u0131z\u0131 ve turtalar\u0131m\u0131z\u0131 deneyin.","what_to_show":"category","category":2548,"page":null,"custom_link":"","image":123217},{"title":"Ekmek ve \u00c7\u00f6rekler","description":"\u0130ster deneyimli bir f\u0131r\u0131nc\u0131 ister yeni ba\u015flayan biri olun, basit tariflerimiz kolayl\u0131kla lezzetli ekmekler, \u00e7\u00f6rekler, bagetler ve simitler yapman\u0131za yard\u0131mc\u0131 olmak i\u00e7in tasarlanm\u0131\u015ft\u0131r.","what_to_show":"category","category":2537,"page":null,"custom_link":"","image":123218},{"title":"Kahvalt\u0131","description":"G\u00fcne do\u011fru ba\u015flamak i\u00e7in \u00e7ok \u00e7e\u015fitli lezzetli ve besleyici kahvalt\u0131 fikirleri. \u0130ster h\u0131zl\u0131 ve kolay bir \u015feyler ister misafirlerinizi etkilemek i\u00e7in daha ayr\u0131nt\u0131l\u0131 bir yemek ar\u0131yor olun, sizi teminat alt\u0131na ald\u0131k.","what_to_show":"category","category":2545,"page":null,"custom_link":"","image":123219},{"title":"\u00d6\u011fle Yeme\u011fi","description":"\u00d6\u011fle yeme\u011fi tariflerimiz, yo\u011fun bir i\u015f g\u00fcn\u00fc veya arkada\u015flar\u0131n\u0131zla ve ailenizle hafta sonu \u00f6\u011fle yeme\u011fi i\u00e7in m\u00fckemmel, h\u0131zl\u0131 ve kolay haz\u0131rlanacak \u015fekilde tasarlanm\u0131\u015ft\u0131r. Sa\u011fl\u0131kl\u0131, lezzetli ve doyurucu yemekler yaratmak i\u00e7in taze, mevsimlik malzemeler ve basit pi\u015firme teknikleri kullan\u0131yoruz.","what_to_show":"category","category":2547,"page":null,"custom_link":"","image":123220},{"title":"Ak\u015fam Yeme\u011fi","description":"Burger ve taco gibi klasik rahat yiyeceklerden ton bal\u0131kl\u0131 spagetti ve su\u015fi gibi uluslararas\u0131 favorilere kadar, ak\u015fam yeme\u011fi tariflerimiz h\u0131zl\u0131 ve kolay bir yeme\u011fe ihtiya\u00e7 duydu\u011funuz yo\u011fun hafta i\u00e7i geceleri i\u00e7in m\u00fckemmeldir.","what_to_show":"category","category":2546,"page":null,"custom_link":"","image":123216}],"show_featured_recipes_slider":false,"featured_recipes":null,"featured_recipes_background_image":"","featured_recipes_layout_type":"mixed","make_featured_recipes_fixed_width":false,"background_image":"","background_image_size":"default","parallax_background":"default","enable_custom_header_settings":false,"top_menu_type":"version_1","logo_image":null,"logo_image_width":210},"default_slug":"categories","_links":{"self":[{"href":"https:\/\/www.thegfrecipes.com\/tr\/wp-json\/wp\/v2\/pages\/123210","targetHints":{"allow":["GET"]}}],"collection":[{"href":"https:\/\/www.thegfrecipes.com\/tr\/wp-json\/wp\/v2\/pages"}],"about":[{"href":"https:\/\/www.thegfrecipes.com\/tr\/wp-json\/wp\/v2\/types\/page"}],"author":[{"embeddable":true,"href":"https:\/\/www.thegfrecipes.com\/tr\/wp-json\/wp\/v2\/users\/2"}],"replies":[{"embeddable":true,"href":"https:\/\/www.thegfrecipes.com\/tr\/wp-json\/wp\/v2\/comments?post=123210"}],"version-history":[{"count":3,"href":"https:\/\/www.thegfrecipes.com\/tr\/wp-json\/wp\/v2\/pages\/123210\/revisions"}],"predecessor-version":[{"id":123223,"href":"https:\/\/www.thegfrecipes.com\/tr\/wp-json\/wp\/v2\/pages\/123210\/revisions\/123223"}],"wp:attachment":[{"href":"https:\/\/www.thegfrecipes.com\/tr\/wp-json\/wp\/v2\/media?parent=123210"}],"curies":[{"name":"wp","href":"https:\/\/api.w.org\/{rel}","templated":true}]}}