{"id":50405,"date":"2023-03-05T21:34:12","date_gmt":"2023-03-05T19:34:12","guid":{"rendered":"https:\/\/www.thegfrecipes.com\/categorie\/"},"modified":"2023-09-27T20:21:55","modified_gmt":"2023-09-27T18:21:55","slug":"categorii","status":"publish","type":"page","link":"https:\/\/www.thegfrecipes.com\/ro\/categorii\/","title":{"rendered":"Categorii"},"content":{"rendered":"\n<div class=\"wp-block-rank-math-toc-block\" id=\"rank-math-toc\"><h2>Table of Contents<\/h2><nav><ul><li><a href=\"#gluten-free-pastry\">Patiserie f\u0103r\u0103 gluten<\/a><\/li><li><a href=\"#gluten-free-breakfast\">Mic dejun f\u0103r\u0103 gluten<\/a><\/li><li><a href=\"#gluten-free-lunch\">Pr\u00e2nz f\u0103r\u0103 gluten<\/a><\/li><li><a href=\"#gluten-free-dinner\">Cin\u0103 f\u0103r\u0103 gluten<\/a><\/li><li><a href=\"#gluten-free-categories\">Categorii f\u0103r\u0103 gluten<\/a><\/li><\/ul><\/nav><\/div>\n\n\n\n<p>Bine a\u021bi venit \u00een categoriile f\u0103r\u0103 gluten ale blogului nostru, unde v\u0103 oferim o gam\u0103 delicioas\u0103 de re\u021bete atent selec\u021bionate pentru a r\u0103spunde nevoilor dumneavoastr\u0103 dietetice. Pagina noastr\u0103 de categorii este plin\u0103 de op\u021biuni atr\u0103g\u0103toare pentru a v\u0103 satisface poftele \u00een timp ce respecta\u021bi un stil de via\u021b\u0103 f\u0103r\u0103 gluten. Fie c\u0103 ave\u021bi chef de o patiserie delicioas\u0103, un mic dejun consistent, un pr\u00e2nz satisf\u0103c\u0103tor sau o cin\u0103 savuroas\u0103, noi v\u0103 acoperim!  <\/p>\n\n\n\n<h2 class=\"wp-block-heading\" id=\"gluten-free-pastry\"><a href=\"https:\/\/www.thegfrecipes.com\/categorie\/patiserie\/?lang=ro\">Patiserie f\u0103r\u0103 gluten<\/a><\/h2>\n\n\n\n<p>R\u0103sf\u0103\u021ba\u021bi-v\u0103 \u00een lumea divin\u0103 a produselor de patiserie f\u0103r\u0103 gluten, unde am st\u0103p\u00e2nit arta de a crea bun\u0103t\u0103\u021bi delicioase f\u0103r\u0103 a face compromisuri \u00een ceea ce prive\u0219te gustul \u0219i textura. De la pl\u0103cinte fulgurante la fursecuri care se topesc \u00een gur\u0103, re\u021betele noastre de patiserie v\u0103 vor l\u0103sa cu poft\u0103 de mai mult. <\/p>\n\n\n\n<h2 class=\"wp-block-heading\" id=\"gluten-free-breakfast\"><a href=\"https:\/\/www.thegfrecipes.com\/categorie\/mic-dejun\/?lang=ro\">Mic dejun f\u0103r\u0103 gluten<\/a><\/h2>\n\n\n\n<p>\u00cencepe\u021bi ziua cu re\u021betele noastre apetisante de mic dejun f\u0103r\u0103 gluten. Bucura\u021bi-v\u0103 de o varietate de op\u021biuni care ies din comun, cum ar fi cl\u0103tite pufoase, frig\u0103rui savuroase \u0219i boluri de smoothie hr\u0103nitoare. Aceste re\u021bete sunt pline de savoare \u0219i v\u0103 vor da energie pentru o zi fantastic\u0103 care v\u0103 a\u0219teapt\u0103.  <\/p>\n\n\n\n<h2 class=\"wp-block-heading\" id=\"gluten-free-lunch\"><a href=\"https:\/\/www.thegfrecipes.com\/categorie\/pranz\/?lang=ro\">Pr\u00e2nz f\u0103r\u0103 gluten<\/a><\/h2>\n\n\n\n<p>Re\u021betele noastre de pr\u00e2nz f\u0103r\u0103 gluten sunt concepute pentru a v\u0103 oferi o mas\u0103 satisf\u0103c\u0103toare la pr\u00e2nz, care este at\u00e2t nutritiv\u0103, c\u00e2t \u0219i gustoas\u0103. Descoperi\u021bi un sortiment de salate, sandvi\u0219uri, sandvi\u0219uri, wraps \u0219i supe consistente care v\u0103 vor l\u0103sa satisf\u0103cu\u021bi \u0219i gata s\u0103 cuceri\u021bi restul zilei. <\/p>\n\n\n\n<h2 class=\"wp-block-heading\" id=\"gluten-free-dinner\"><a href=\"https:\/\/www.thegfrecipes.com\/categorie\/cina\/?lang=ro\">Cin\u0103 f\u0103r\u0103 gluten<\/a><\/h2>\n\n\n\n<p>\u00cencheia\u021bi-v\u0103 ziua pe o not\u0103 \u00eenalt\u0103 cu colec\u021bia noastr\u0103 divers\u0103 de re\u021bete de cin\u0103 f\u0103r\u0103 gluten. De la caserole reconfortante, la m\u00e2nc\u0103ruri apetisante \u0219i feluri principale elegante, oferim o gam\u0103 larg\u0103 de op\u021biuni care se potrivesc oric\u0103rui palat. Aceste re\u021bete vor face ca ora cinei s\u0103 fie o experien\u021b\u0103 \u00eenc\u00e2nt\u0103toare pentru dvs. \u0219i cei dragi.  <\/p>\n\n\n\n<h2 class=\"wp-block-heading\" id=\"gluten-free-categories\"><a href=\"https:\/\/www.thegfrecipes.com\/gluten-free-categories\/\">Categorii f\u0103r\u0103 gluten<\/a><\/h2>\n\n\n\n<p>O mul\u021bime de categorii f\u0103r\u0103 gluten<br>Cele mai bune categorii f\u0103r\u0103 gluten<\/p>\n\n\n\n<p>O list\u0103 complet\u0103 de categorii f\u0103r\u0103 gluten<\/p>\n\n\n\n<p>Categorii delicioase f\u0103r\u0103 gluten<br>Boala celiac\u0103 este o afec\u021biune autoimun\u0103 frecvent\u0103, dar adesea ne\u00een\u021beleas\u0103, care afecteaz\u0103 milioane de oameni din \u00eentreaga lume. \u00cen ciuda prevalen\u021bei sale, multe persoane r\u0103m\u00e2n nediagnosticate sau diagnosticate gre\u0219it, ceea ce duce la ani de suferin\u021b\u0103 inutil\u0103. \u00cen acest articol, vom discuta despre simptomele, diagnosticul \u0219i tratamentul bolii celiace, precum \u0219i vom oferi sfaturi utile pentru gestionarea acestei afec\u021biuni.  <\/p>\n\n\n\n<p>Dac\u0103 b\u0103nui\u021bi c\u0103 ave\u021bi boala celiac\u0103, este important s\u0103 solicita\u021bi un diagnostic de la un medic specialist. Primul pas \u00een diagnosticarea bolii celiace este un test de s\u00e2nge pentru a verifica prezen\u021ba anticorpilor pe care organismul \u00eei produce ca r\u0103spuns la gluten. \u00cen cazul \u00een care testul de s\u00e2nge este pozitiv, medicul dumneavoastr\u0103 poate recomanda o biopsie a intestinului sub\u021bire pentru a confirma diagnosticul.  <\/p>\n\n\n\n<p>Singurul tratament pentru boala celiac\u0103 este o diet\u0103 strict\u0103 f\u0103r\u0103 gluten. Aceasta \u00eenseamn\u0103 evitarea tuturor alimentelor \u0219i b\u0103uturilor care con\u021bin gluten, inclusiv p\u00e2inea, pastele, berea \u0219i chiar unele medicamente \u0219i suplimente. Este esen\u021bial s\u0103 lucra\u021bi cu un dietetician sau nutri\u021bionist autorizat pentru a v\u0103 asigura c\u0103 dieta dvs. este echilibrat\u0103 \u0219i v\u0103 satisface nevoile nutri\u021bionale.  <\/p>\n\n\n\n<p>A tr\u0103i cu boala celiac\u0103 poate fi o provocare, dar exist\u0103 multe resurse \u0219i sisteme de sprijin disponibile pentru a v\u0103 ajuta s\u0103 gestiona\u021bi aceast\u0103 afec\u021biune. C\u00e2teva sfaturi pentru gestionarea bolii celiace includ: <\/p>\n\n\n\n<ul class=\"wp-block-list\">\n<li>\u00cenv\u0103\u021ba\u021bi s\u0103 citi\u021bi etichetele alimentelor \u0219i s\u0103 identifica\u021bi sursele ascunse de gluten<\/li>\n\n\n\n<li>Fi\u021bi preg\u0103ti\u021bi cu gust\u0103ri \u0219i mese f\u0103r\u0103 gluten atunci c\u00e2nd m\u00e2nca\u021bi \u00een ora\u0219 sau c\u0103l\u0103tori\u021bi.<\/li>\n\n\n\n<li>Al\u0103tura\u021bi-v\u0103 unui grup de sprijin local sau online pentru persoanele cu boal\u0103 celiac\u0103<\/li>\n\n\n\n<li>Educa\u021bi familia \u0219i prietenii cu privire la afec\u021biune \u0219i la importan\u021ba unei diete f\u0103r\u0103 gluten.<\/li>\n\n\n\n<li>Lua\u021bi \u00een considerare posibilitatea de a vorbi cu un terapeut sau un consilier pentru a aborda impactul emo\u021bional al traiului cu o afec\u021biune cronic\u0103.<\/li>\n<\/ul>\n\n\n\n<p>Cercet\u0103rile privind boala celiac\u0103 sunt \u00een curs de desf\u0103\u0219urare \u0219i exist\u0103 noi tratamente \u0219i terapii promi\u021b\u0103toare la orizont. Unele dintre domeniile de interes pentru cercetarea bolii celiace includ: <\/p>\n\n\n\n<ul class=\"wp-block-list\">\n<li>Dezvoltarea de medicamente pentru a ajuta la protejarea intestinului sub\u021bire de leziunile cauzate de gluten<\/li>\n\n\n\n<li>Studierea microbiomului intestinal \u0219i a rolului s\u0103u \u00een boala celiac\u0103<\/li>\n\n\n\n<li>Investigarea unor poten\u021biale terapii genetice pentru boala celiac\u0103<\/li>\n<\/ul>\n\n\n\n<p>Boala celiac\u0103 este o afec\u021biune autoimun\u0103 grav\u0103 care necesit\u0103 un angajament pe via\u021b\u0103 pentru o diet\u0103 f\u0103r\u0103 gluten. Dac\u0103 b\u0103nui\u021bi c\u0103 ave\u021bi boala celiac\u0103, este important s\u0103 solicita\u021bi un diagnostic de la un profesionist din domeniul medical \u0219i s\u0103 lucra\u021bi cu un dietetician sau nutri\u021bionist autorizat pentru a gestiona aceast\u0103 afec\u021biune. Cu o \u00eengrijire \u0219i un management adecvat, persoanele cu boal\u0103 celiac\u0103 pot duce o via\u021b\u0103 s\u0103n\u0103toas\u0103 \u0219i \u00eemplinit\u0103.  <\/p>\n\n\n\n<p>Sunte\u021bi \u00een c\u0103utarea unui ghid cuprinz\u0103tor pentru a m\u00e2nca f\u0103r\u0103 gluten? Fie c\u0103 sunte\u021bi o persoan\u0103 cu boal\u0103 celiac\u0103, cu intoleran\u021b\u0103 la gluten sau pur \u0219i simplu dori\u021bi s\u0103 reduce\u021bi aportul de gluten, este esen\u021bial s\u0103 \u0219ti\u021bi ce alimente sunt sigure \u0219i care sunt cele pe care trebuie s\u0103 le evita\u021bi. \u00cen acest articol, v\u0103 vom oferi o list\u0103 de alimente f\u0103r\u0103 gluten, inclusiv c\u00e2teva op\u021biuni delicioase \u0219i s\u0103n\u0103toase pentru a v\u0103 ajuta s\u0103 men\u021bine\u021bi o diet\u0103 echilibrat\u0103.  <\/p>\n\n\n\n<p>Glutenul este o protein\u0103 care se g\u0103se\u0219te \u00een gr\u00e2u, orz, secar\u0103 \u0219i \u00een deriva\u021bii acestora. Este responsabil pentru elasticitatea \u0219i textura multor produse de panifica\u021bie, inclusiv p\u00e2inea, aluatul de pizza \u0219i pastele. Din p\u0103cate, pentru persoanele cu boal\u0103 celiac\u0103, consumul de gluten poate afecta mucoasa intestinului sub\u021bire, ceea ce duce la malabsorb\u021bia nutrien\u021bilor \u0219i la o serie de probleme de s\u0103n\u0103tate.  <\/p>\n\n\n\n<p>Pagina noastr\u0103 de Facebook: <a href=\"https:\/\/www.facebook.com\/thegfrecipes\" target=\"_blank\" rel=\"noopener\">https:\/\/www.facebook.com\/thegfrecipes<\/a><\/p>\n\n\n\n<p>Re\u021betele noastre de patiserie: <a href=\"https:\/\/www.thegfrecipes.com\/categorie\/patiserie\/?lang=ro\">https:\/\/www.thegfrecipes.com\/categorie\/patiserie\/?lang=ro<\/a><\/p>\n\n\n\n<figure class=\"wp-block-image size-large is-resized\"><img loading=\"lazy\" decoding=\"async\" src=\"https:\/\/www.thegfrecipes.com\/wp-content\/uploads\/2023\/06\/Snapshot_1079-1024x576.jpg\" alt=\"categorii f\u0103r\u0103 gluten\" class=\"wp-image-113244\" style=\"width:336px;height:188px\" width=\"336\" height=\"188\" srcset=\"https:\/\/www.thegfrecipes.com\/wp-content\/uploads\/2023\/06\/Snapshot_1079-1024x576.jpg 1024w, https:\/\/www.thegfrecipes.com\/wp-content\/uploads\/2023\/06\/Snapshot_1079-300x169.jpg 300w, https:\/\/www.thegfrecipes.com\/wp-content\/uploads\/2023\/06\/Snapshot_1079-768x432.jpg 768w, https:\/\/www.thegfrecipes.com\/wp-content\/uploads\/2023\/06\/Snapshot_1079-1536x864.jpg 1536w, https:\/\/www.thegfrecipes.com\/wp-content\/uploads\/2023\/06\/Snapshot_1079-500x281.jpg 500w, https:\/\/www.thegfrecipes.com\/wp-content\/uploads\/2023\/06\/Snapshot_1079-1300x731.jpg 1300w, https:\/\/www.thegfrecipes.com\/wp-content\/uploads\/2023\/06\/Snapshot_1079.jpg 1920w\" sizes=\"auto, (max-width: 336px) 100vw, 336px\" \/><\/figure>\n","protected":false},"excerpt":{"rendered":"<p>Bine a\u021bi venit \u00een categoriile f\u0103r\u0103 gluten ale blogului nostru, unde v\u0103 oferim o gam\u0103 delicioas\u0103 de re\u021bete atent selec\u021bionate pentru a r\u0103spunde nevoilor dumneavoastr\u0103 dietetice. Pagina noastr\u0103 de categorii este plin\u0103 de op\u021biuni atr\u0103g\u0103toare pentru a v\u0103 satisface poftele \u00een timp ce respecta\u021bi un stil de via\u021b\u0103 f\u0103r\u0103 gluten. Fie c\u0103 ave\u021bi chef de&#8230;<\/p>\n<div class=\" [&hellip;]\"><a href=\"https:\/\/www.thegfrecipes.com\/ro\/categorii\/\">Cite\u0219te mai mult<\/a><\/div>\n","protected":false},"author":2,"featured_media":0,"parent":0,"menu_order":0,"comment_status":"closed","ping_status":"closed","template":"page-categories.php","meta":{"footnotes":""},"class_list":["post-50405","page","type-page","status-publish","hentry"],"acf":{"sub_title":"","which_categories_to_show":"select","category_items":[{"title":"Mic dejun","description":"","what_to_show":"category","category":656,"page":null,"custom_link":"","image":109307},{"title":"Pr\u00e2nz","description":"","what_to_show":"category","category":657,"page":null,"custom_link":"","image":109313},{"title":"Cin\u0103","description":"","what_to_show":"category","category":658,"page":null,"custom_link":"","image":109034},{"title":"Patiserie","description":"","what_to_show":"category","category":659,"page":null,"custom_link":"","image":109040},{"title":"P\u00e2ine \u0219i chifle","description":"","what_to_show":"category","category":660,"page":null,"custom_link":"","image":109047}],"show_featured_recipes_slider":false,"featured_recipes":null,"featured_recipes_background_image":"","featured_recipes_layout_type":"mixed","make_featured_recipes_fixed_width":false,"background_image":"","background_image_size":"default","parallax_background":"default","enable_custom_header_settings":false,"top_menu_type":"version_1","logo_image":null,"logo_image_width":210},"default_slug":"categories","_links":{"self":[{"href":"https:\/\/www.thegfrecipes.com\/ro\/wp-json\/wp\/v2\/pages\/50405","targetHints":{"allow":["GET"]}}],"collection":[{"href":"https:\/\/www.thegfrecipes.com\/ro\/wp-json\/wp\/v2\/pages"}],"about":[{"href":"https:\/\/www.thegfrecipes.com\/ro\/wp-json\/wp\/v2\/types\/page"}],"author":[{"embeddable":true,"href":"https:\/\/www.thegfrecipes.com\/ro\/wp-json\/wp\/v2\/users\/2"}],"replies":[{"embeddable":true,"href":"https:\/\/www.thegfrecipes.com\/ro\/wp-json\/wp\/v2\/comments?post=50405"}],"version-history":[{"count":11,"href":"https:\/\/www.thegfrecipes.com\/ro\/wp-json\/wp\/v2\/pages\/50405\/revisions"}],"predecessor-version":[{"id":120713,"href":"https:\/\/www.thegfrecipes.com\/ro\/wp-json\/wp\/v2\/pages\/50405\/revisions\/120713"}],"wp:attachment":[{"href":"https:\/\/www.thegfrecipes.com\/ro\/wp-json\/wp\/v2\/media?parent=50405"}],"curies":[{"name":"wp","href":"https:\/\/api.w.org\/{rel}","templated":true}]}}