{"id":120185,"date":"2023-03-27T19:58:41","date_gmt":"2023-03-27T17:58:41","guid":{"rendered":"https:\/\/www.thegfrecipes.com\/gluten-advisor-ro\/"},"modified":"2024-05-30T17:39:13","modified_gmt":"2024-05-30T15:39:13","slug":"gluten-advisor-ro","status":"publish","type":"page","link":"https:\/\/www.thegfrecipes.com\/ro\/gluten-advisor-ro\/","title":{"rendered":"Aplicatia Gluten Advisor"},"content":{"rendered":"\n<figure class=\"wp-block-image size-large\"><img loading=\"lazy\" decoding=\"async\" width=\"1024\" height=\"576\" src=\"https:\/\/www.thegfrecipes.com\/wp-content\/uploads\/2023\/06\/Gluten-Advisor-Application-1-1024x576.webp\" alt=\"O prezentare general&#x103; a aplica&#x21B;iei &#x201E;Gluten Advisor&#x201D;. care con&#x21B;ine loca&#x21B;iile prietenoase pentru celiacii din Europa, articole, re&#x21B;ete &#x219;i un magazin.\" class=\"wp-image-119487\" srcset=\"https:\/\/www.thegfrecipes.com\/wp-content\/uploads\/2023\/06\/Gluten-Advisor-Application-1-1024x576.webp 1024w, https:\/\/www.thegfrecipes.com\/wp-content\/uploads\/2023\/06\/Gluten-Advisor-Application-1-300x169.webp 300w, https:\/\/www.thegfrecipes.com\/wp-content\/uploads\/2023\/06\/Gluten-Advisor-Application-1-768x432.webp 768w, https:\/\/www.thegfrecipes.com\/wp-content\/uploads\/2023\/06\/Gluten-Advisor-Application-1-1536x864.webp 1536w, https:\/\/www.thegfrecipes.com\/wp-content\/uploads\/2023\/06\/Gluten-Advisor-Application-1-500x281.webp 500w, https:\/\/www.thegfrecipes.com\/wp-content\/uploads\/2023\/06\/Gluten-Advisor-Application-1-1300x731.webp 1300w, https:\/\/www.thegfrecipes.com\/wp-content\/uploads\/2023\/06\/Gluten-Advisor-Application-1.webp 2000w\" sizes=\"auto, (max-width: 1024px) 100vw, 1024px\" \/><\/figure>\n\n<p class=\"has-text-align-center\"><strong>Desc\u0103rca\u021bi acum<\/strong> \u0219i \u00eencepe\u021bi s\u0103 explora\u021bi lumea vie\u021bii f\u0103r\u0103 gluten:<\/p>\n\n<center><a href=\"https:\/\/play.google.com\/store\/apps\/details?id=ro.retetefaragluten.retete_fara_gluten&#038;hl=en&#038;gl=US&#038;pcampaignid=pcampaignidMKT-Other-global-all-co-prtnr-py-PartBadge-Mar2515-1\" target=\"_blank\" rel=\"noopener\"><img loading=\"lazy\" decoding=\"async\" alt=\"Descarca de pe Google Play\" src=\"https:\/\/play.google.com\/intl\/en_us\/badges\/static\/images\/badges\/en_badge_web_generic.png\" width=\"300\" height=\"120\"\/><\/a>\n<a href=\"https:\/\/apps.apple.com\/ro\/app\/retete-fara-gluten\/id1643486515\" target=\"_blank\" rel=\"noopener\"><img loading=\"lazy\" decoding=\"async\" alt=\"Descarc\u0103 din App Store\" src=\"https:\/\/www.thegfrecipes.com\/wp-content\/uploads\/2023\/03\/pngwing.com-1.png\" width=\"300\" height=\"120\"\/><\/a><\/center>\n\n<p class=\"has-text-align-center\">&#8222;Gluten Advisor&#8221; aduce o bogat\u0103 surs\u0103 de informa\u021bii, inclusiv o colec\u021bie de re\u021bete delicioase f\u0103r\u0103 gluten pentru p\u00e2ine, chifle, produse de patiserie \u0219i toate mesele zilei. Ve\u021bi g\u0103si, de asemenea, numeroase <strong>articole<\/strong> informative despre toate aspectele vie\u021bii fara gluten \u0219i o hart\u0103 a loca\u021biilor pentru celiacii din \u00eentreaga <strong>Europ\u0103<\/strong>. Indiferent dac\u0103 sunte\u021bi celiac sau dori\u021bi pur \u0219i simplu s\u0103 elimina\u021bi glutenul din dieta dvs., <strong>Gluten Advisor<\/strong> are tot ce ave\u021bi nevoie pentru a lua decizii informate \u0219i a v\u0103 bucura de o via\u021b\u0103 s\u0103n\u0103toas\u0103 \u0219i \u00eemplinit\u0103.  <\/p>\n\n<h2 class=\"wp-block-heading has-text-align-center\">Func\u021bionalitatea de &#8216;Hart\u0103&#8217;<\/h2>\n\n<p class=\"has-text-align-center\">Ca persoane cu boala celiac\u0103, dorim s\u0103 ne asigur\u0103m c\u0103 v\u0103 bucura\u021bi de cea mai bun\u0103 experien\u021b\u0103 posibil\u0103 \u00een timpul c\u0103l\u0103toriilor. De aceea, fiecare loca\u021bie inclus\u0103 \u00een aplica\u021bie este verificat\u0103 \u0219i <strong>100% sigur\u0103 pentru persoanele celiaci!<\/strong> O s\u0103 g\u0103si\u021bi toate informa\u021biile de care ave\u021bi nevoie \u00een cadrul aplica\u021biei noastre, de la scurte videoclipuri despre loca\u021bie, la meniul lor \u0219i datele de contact. Totul de care ave\u021bi nevoie pentru a v\u0103 reduce anxietatea \u00eenainte de a m\u00e2nca \u00een ora\u0219!   <\/p>\n<div class=\"wp-block-image\">\n<figure class=\"aligncenter size-full is-resized\"><img loading=\"lazy\" decoding=\"async\" width=\"740\" height=\"643\" src=\"https:\/\/www.thegfrecipes.com\/wp-content\/uploads\/2023\/06\/gluten-advisor-app.jpg\" alt=\"\" class=\"wp-image-119533\" style=\"width:740px;height:643px\" srcset=\"https:\/\/www.thegfrecipes.com\/wp-content\/uploads\/2023\/06\/gluten-advisor-app.jpg 740w, https:\/\/www.thegfrecipes.com\/wp-content\/uploads\/2023\/06\/gluten-advisor-app-300x261.jpg 300w, https:\/\/www.thegfrecipes.com\/wp-content\/uploads\/2023\/06\/gluten-advisor-app-500x434.jpg 500w\" sizes=\"auto, (max-width: 740px) 100vw, 740px\" \/><\/figure>\n<\/div>\n<h2 class=\"wp-block-heading has-text-align-center\">Re\u021bete incluse \u00een aplica\u021bia &#8216;Gluten Advisor&#8217;<\/h2>\n\n<p class=\"has-text-align-center\">Aplica\u021bia ofer\u0103 o gam\u0103 divers\u0103 de re\u021bete \u00eemp\u0103r\u021bite \u00een cinci categorii populare: P\u00e2ine \u0219i Chifle, Patiserie, Mic dejun, Pr\u00e2nz \u0219i Cin\u0103. Fiecare categorie ofer\u0103 o varietate de op\u021biuni delicioase pentru a se potrivi diferitelor ocazii, pofte \u0219i preferin\u021be alimentare. <\/p>\n<div class=\"wp-block-image\">\n<figure class=\"aligncenter size-large is-resized\"><img loading=\"lazy\" decoding=\"async\" width=\"1024\" height=\"683\" src=\"https:\/\/www.thegfrecipes.com\/wp-content\/uploads\/2023\/03\/DSC00932-3-min-3-1024x683.jpg\" alt=\"pr&#xE2;nz\" class=\"wp-image-109314\" style=\"width:730px;height:486px\" srcset=\"https:\/\/www.thegfrecipes.com\/wp-content\/uploads\/2023\/03\/DSC00932-3-min-3-1024x683.jpg 1024w, https:\/\/www.thegfrecipes.com\/wp-content\/uploads\/2023\/03\/DSC00932-3-min-3-300x200.jpg 300w, https:\/\/www.thegfrecipes.com\/wp-content\/uploads\/2023\/03\/DSC00932-3-min-3-768x512.jpg 768w, https:\/\/www.thegfrecipes.com\/wp-content\/uploads\/2023\/03\/DSC00932-3-min-3-500x333.jpg 500w, https:\/\/www.thegfrecipes.com\/wp-content\/uploads\/2023\/03\/DSC00932-3-min-3.jpg 1230w\" sizes=\"auto, (max-width: 1024px) 100vw, 1024px\" \/><\/figure>\n<\/div>\n<h2 class=\"wp-block-heading has-text-align-center\">Tot ce trebuie s\u0103 \u0219ti\u021bi despre gluten<\/h2>\n\n<p class=\"has-text-align-center\">Articolele noastre despre f\u0103r\u0103 gluten acoper\u0103 o gam\u0103 larg\u0103 de subiecte pentru a v\u0103 ajuta s\u0103 naviga\u021bi cu incredere \u00een via\u021ba f\u0103r\u0103 gluten. Fie c\u0103 a\u021bi fost recent diagnostica\u021bi cu boala celiac\u0103 sau a\u021bi ales s\u0103 adopta\u021bi o diet\u0103 f\u0103r\u0103 gluten, avem resurse care s\u0103 v\u0103 satisfac\u0103 nevoile. <\/p>\n\n<p class=\"has-text-align-center\"><a href=\"https:\/\/www.thegfrecipes.com\/ro\/articole\/boala-celiaca-simptome-tratamente\/\">Boala celiac\u0103: \u00cen\u021belegerea simptomelor, diagnosticul \u0219i tratamentul<\/a><\/p>\n\n<p class=\"has-text-align-center\"><a href=\"https:\/\/www.thegfrecipes.com\/ro\/articole\/alcool-fara-gluten\/\">Alcool fara gluten: Un ghid pentru a v\u0103 bucura de o b\u0103utur\u0103 sigur\u0103 \u0219i delicioas\u0103<\/a><\/p>\n\n<p class=\"has-text-align-center\"><strong>Desc\u0103rca\u021bi acum<\/strong> \u0219i bucura\u021bi-v\u0103 de un stil de via\u021b\u0103 f\u0103r\u0103 gluten simplificat:<\/p>\n\n<center><a href=\"https:\/\/play.google.com\/store\/apps\/details?id=ro.retetefaragluten.retete_fara_gluten&#038;hl=en&#038;gl=US&#038;pcampaignid=pcampaignidMKT-Other-global-all-co-prtnr-py-PartBadge-Mar2515-1\" target=\"_blank\" rel=\"noopener\"><img decoding=\"async\" alt=\"Descarca de pe Google Play\" src=\"https:\/\/play.google.com\/intl\/en_us\/badges\/static\/images\/badges\/en_badge_web_generic.png\"\/><\/a>\n<a href=\"https:\/\/apps.apple.com\/ro\/app\/retete-fara-gluten\/id1643486515\" target=\"_blank\" rel=\"noopener\"><img loading=\"lazy\" decoding=\"async\" alt=\"Descarc\u0103 din App Store\" src=\"https:\/\/www.thegfrecipes.com\/wp-content\/uploads\/2023\/03\/pngwing.com-1.png\" width=\"646\" height=\"250\"\/><\/a><\/center>\n","protected":false},"excerpt":{"rendered":"<p>Desc\u0103rca\u021bi acum \u0219i \u00eencepe\u021bi s\u0103 explora\u021bi lumea vie\u021bii f\u0103r\u0103 gluten: &#8222;Gluten Advisor&#8221; aduce o bogat\u0103 surs\u0103 de informa\u021bii, inclusiv o colec\u021bie de re\u021bete delicioase f\u0103r\u0103 gluten pentru p\u00e2ine, chifle, produse de patiserie \u0219i toate mesele zilei. Ve\u021bi g\u0103si, de asemenea, numeroase articole informative despre toate aspectele vie\u021bii fara gluten \u0219i o hart\u0103 a loca\u021biilor pentru&#8230;<\/p>\n<div class=\" [&hellip;]\"><a href=\"https:\/\/www.thegfrecipes.com\/ro\/gluten-advisor-ro\/\">Cite\u0219te mai mult<\/a><\/div>\n","protected":false},"author":2,"featured_media":0,"parent":0,"menu_order":0,"comment_status":"closed","ping_status":"closed","template":"","meta":{"footnotes":""},"class_list":["post-120185","page","type-page","status-publish","hentry"],"acf":{"sub_title":"","show_featured_recipes_slider":false,"featured_recipes":null,"featured_recipes_background_image":null,"featured_recipes_layout_type":"mixed","make_featured_recipes_fixed_width":false,"background_image":null,"background_image_size":"default","parallax_background":"default","enable_custom_header_settings":false,"top_menu_type":"version_1","logo_image":null,"logo_image_width":210},"default_slug":"gluten-advisor","_links":{"self":[{"href":"https:\/\/www.thegfrecipes.com\/ro\/wp-json\/wp\/v2\/pages\/120185","targetHints":{"allow":["GET"]}}],"collection":[{"href":"https:\/\/www.thegfrecipes.com\/ro\/wp-json\/wp\/v2\/pages"}],"about":[{"href":"https:\/\/www.thegfrecipes.com\/ro\/wp-json\/wp\/v2\/types\/page"}],"author":[{"embeddable":true,"href":"https:\/\/www.thegfrecipes.com\/ro\/wp-json\/wp\/v2\/users\/2"}],"replies":[{"embeddable":true,"href":"https:\/\/www.thegfrecipes.com\/ro\/wp-json\/wp\/v2\/comments?post=120185"}],"version-history":[{"count":6,"href":"https:\/\/www.thegfrecipes.com\/ro\/wp-json\/wp\/v2\/pages\/120185\/revisions"}],"predecessor-version":[{"id":128270,"href":"https:\/\/www.thegfrecipes.com\/ro\/wp-json\/wp\/v2\/pages\/120185\/revisions\/128270"}],"wp:attachment":[{"href":"https:\/\/www.thegfrecipes.com\/ro\/wp-json\/wp\/v2\/media?parent=120185"}],"curies":[{"name":"wp","href":"https:\/\/api.w.org\/{rel}","templated":true}]}}