{"id":120181,"date":"2023-03-27T19:58:41","date_gmt":"2023-03-27T17:58:41","guid":{"rendered":"https:\/\/www.thegfrecipes.com\/gluten-advisor-it\/"},"modified":"2024-05-30T17:38:47","modified_gmt":"2024-05-30T15:38:47","slug":"gluten-advisor-it","status":"publish","type":"page","link":"https:\/\/www.thegfrecipes.com\/it\/gluten-advisor-it\/","title":{"rendered":"Applicazione Gluten Advisor"},"content":{"rendered":"\n<figure class=\"wp-block-image size-large\"><img loading=\"lazy\" decoding=\"async\" width=\"1024\" height=\"576\" src=\"https:\/\/www.thegfrecipes.com\/wp-content\/uploads\/2023\/06\/Gluten-Advisor-Application-1-1024x576.webp\" alt=\"Una panoramica di un'app chiamata 'Gluten Advisor' che contiene le posizioni amichevoli per i celiaci in Europa, articoli, ricette e un negozio.\" class=\"wp-image-119487\" srcset=\"https:\/\/www.thegfrecipes.com\/wp-content\/uploads\/2023\/06\/Gluten-Advisor-Application-1-1024x576.webp 1024w, https:\/\/www.thegfrecipes.com\/wp-content\/uploads\/2023\/06\/Gluten-Advisor-Application-1-300x169.webp 300w, https:\/\/www.thegfrecipes.com\/wp-content\/uploads\/2023\/06\/Gluten-Advisor-Application-1-768x432.webp 768w, https:\/\/www.thegfrecipes.com\/wp-content\/uploads\/2023\/06\/Gluten-Advisor-Application-1-1536x864.webp 1536w, https:\/\/www.thegfrecipes.com\/wp-content\/uploads\/2023\/06\/Gluten-Advisor-Application-1-500x281.webp 500w, https:\/\/www.thegfrecipes.com\/wp-content\/uploads\/2023\/06\/Gluten-Advisor-Application-1-1300x731.webp 1300w, https:\/\/www.thegfrecipes.com\/wp-content\/uploads\/2023\/06\/Gluten-Advisor-Application-1.webp 2000w\" sizes=\"auto, (max-width: 1024px) 100vw, 1024px\" \/><\/figure>\n\n<p class=\"has-text-align-center\"><strong>Scarica ora<\/strong> e inizia a esplorare il mondo della vita senza glutine oggi stesso:<\/p>\n\n<center><a href=\"https:\/\/play.google.com\/store\/apps\/details?id=ro.retetefaragluten.retete_fara_gluten&#038;hl=en&#038;gl=US&#038;pcampaignid=pcampaignidMKT-Other-global-all-co-prtnr-py-PartBadge-Mar2515-1\" target=\"_blank\" rel=\"noopener\"><img loading=\"lazy\" decoding=\"async\" alt=\"Scaricalo su Google Play\" src=\"https:\/\/play.google.com\/intl\/en_us\/badges\/static\/images\/badges\/en_badge_web_generic.png\" width=\"300\" height=\"120\"\/><\/a>\n<a href=\"https:\/\/apps.apple.com\/ro\/app\/retete-fara-gluten\/id1643486515\" target=\"_blank\" rel=\"noopener\"><img loading=\"lazy\" decoding=\"async\" alt=\"Scarica su App Store\" src=\"https:\/\/www.thegfrecipes.com\/wp-content\/uploads\/2023\/03\/pngwing.com-1.png\" width=\"300\" height=\"120\"\/><\/a><\/center>\n\n<p class=\"has-text-align-center\">&#8220;Gluten Advisor&#8221; fornisce una ricca fonte di informazioni, compresa una raccolta di deliziose ricette senza glutine per pane, panini, pasticceria e tutti i pasti della giornata. Troverai anche numerosi <strong>articoli<\/strong> informativi su tutti gli aspetti del glutine e una mappa dei luoghi adatti ai celiaci in tutta <strong>Europa<\/strong>. Sia che tu sia un celiaco o semplicemente desideri eliminare il glutine dalla tua dieta, <strong>Gluten Advisor<\/strong> ha tutto ci\u00f2 di cui hai bisogno per prendere decisioni informate e goderti una vita sana e appagante.  <\/p>\n\n<h2 class=\"wp-block-heading has-text-align-center\">La funzione &#8216;Mappa&#8217;<\/h2>\n\n<p class=\"has-text-align-center\">In quanto celiaci, desideriamo garantire che tu possa trascorrere il miglior tempo possibile durante i tuoi viaggi. Ecco perch\u00e9 ogni luogo incluso nell&#8217;app \u00e8 stato verificato ed \u00e8 al <strong>100% sicuro per i celiaci<\/strong>. Troverai tutte le informazioni di cui hai bisogno all&#8217;interno della nostra applicazione, da brevi video sul luogo al loro menu e ai loro contatti. Tutto ci\u00f2 di cui hai bisogno per ridurre l&#8217;ansia prima di mangiare fuori!   <\/p>\n<div class=\"wp-block-image\">\n<figure class=\"aligncenter size-full is-resized\"><img loading=\"lazy\" decoding=\"async\" width=\"740\" height=\"643\" src=\"https:\/\/www.thegfrecipes.com\/wp-content\/uploads\/2023\/06\/gluten-advisor-app.jpg\" alt=\"\" class=\"wp-image-119533\" style=\"width:740px;height:643px\" srcset=\"https:\/\/www.thegfrecipes.com\/wp-content\/uploads\/2023\/06\/gluten-advisor-app.jpg 740w, https:\/\/www.thegfrecipes.com\/wp-content\/uploads\/2023\/06\/gluten-advisor-app-300x261.jpg 300w, https:\/\/www.thegfrecipes.com\/wp-content\/uploads\/2023\/06\/gluten-advisor-app-500x434.jpg 500w\" sizes=\"auto, (max-width: 740px) 100vw, 740px\" \/><\/figure>\n<\/div>\n<h2 class=\"wp-block-heading has-text-align-center\">Ricette incluse nell&#8217;app &#8216;Gluten Advisor&#8217;<\/h2>\n\n<p class=\"has-text-align-center\">L&#8217;app presenta una vasta gamma di ricette suddivise in cinque comode categorie: Pane e Panini, Pasticceria, Colazione, Pranzo e Cena. Ogni categoria offre una serie di opzioni invitanti per adattarsi a diverse occasioni, voglie e preferenze alimentari.&#8221; <\/p>\n<div class=\"wp-block-image\">\n<figure class=\"aligncenter size-large is-resized\"><img loading=\"lazy\" decoding=\"async\" width=\"1024\" height=\"683\" src=\"https:\/\/www.thegfrecipes.com\/wp-content\/uploads\/2023\/03\/DSC00932-3-min-3-1024x683.jpg\" alt=\"pranzo\" class=\"wp-image-109314\" style=\"width:730px;height:486px\" srcset=\"https:\/\/www.thegfrecipes.com\/wp-content\/uploads\/2023\/03\/DSC00932-3-min-3-1024x683.jpg 1024w, https:\/\/www.thegfrecipes.com\/wp-content\/uploads\/2023\/03\/DSC00932-3-min-3-300x200.jpg 300w, https:\/\/www.thegfrecipes.com\/wp-content\/uploads\/2023\/03\/DSC00932-3-min-3-768x512.jpg 768w, https:\/\/www.thegfrecipes.com\/wp-content\/uploads\/2023\/03\/DSC00932-3-min-3-500x333.jpg 500w, https:\/\/www.thegfrecipes.com\/wp-content\/uploads\/2023\/03\/DSC00932-3-min-3.jpg 1230w\" sizes=\"auto, (max-width: 1024px) 100vw, 1024px\" \/><\/figure>\n<\/div>\n<h2 class=\"wp-block-heading has-text-align-center\">Tutto ci\u00f2 che devi sapere sul glutine<\/h2>\n\n<p class=\"has-text-align-center\">I nostri articoli senza glutine coprono una vasta gamma di argomenti per aiutarti a orientarti nel mondo della vita senza glutine con fiducia. Che tu sia stato di recente diagnosticato con la malattia celiaca o che tu abbia scelto di adottare una dieta senza glutine, abbiamo risorse che soddisferanno le tue esigenze. <\/p>\n\n<p class=\"has-text-align-center\"><a href=\"https:\/\/www.thegfrecipes.com\/it\/articoli\/malattia-celiaca-sintomi-trattamento\/\">Malattia celiaca: Comprensione dei sintomi, della diagnosi e del trattamento.<\/a><\/p>\n\n<p class=\"has-text-align-center\"><a href=\"https:\/\/www.thegfrecipes.com\/it\/articoli\/alcol-senza-glutine\/\">Alcol senza glutine: Una guida per gustare una bevanda sicura e deliziosa.<\/a><\/p>\n\n<p class=\"has-text-align-center\"><strong>Scarica ora<\/strong> e goditi uno stile di vita senza glutine semplificato.<\/p>\n\n<center><a href=\"https:\/\/play.google.com\/store\/apps\/details?id=ro.retetefaragluten.retete_fara_gluten&#038;hl=en&#038;gl=US&#038;pcampaignid=pcampaignidMKT-Other-global-all-co-prtnr-py-PartBadge-Mar2515-1\" target=\"_blank\" rel=\"noopener\"><img decoding=\"async\" alt=\"Scaricalo su Google Play\" src=\"https:\/\/play.google.com\/intl\/en_us\/badges\/static\/images\/badges\/en_badge_web_generic.png\"\/><\/a>\n<a href=\"https:\/\/apps.apple.com\/ro\/app\/retete-fara-gluten\/id1643486515\" target=\"_blank\" rel=\"noopener\"><img loading=\"lazy\" decoding=\"async\" alt=\"Scarica su App Store\" src=\"https:\/\/www.thegfrecipes.com\/wp-content\/uploads\/2023\/03\/pngwing.com-1.png\" width=\"646\" height=\"250\"\/><\/a><\/center>\n","protected":false},"excerpt":{"rendered":"<p>Scarica ora e inizia a esplorare il mondo della vita senza glutine oggi stesso: &#8220;Gluten Advisor&#8221; fornisce una ricca fonte di informazioni, compresa una raccolta di deliziose ricette senza glutine per pane, panini, pasticceria e tutti i pasti della giornata. Troverai anche numerosi articoli informativi su tutti gli aspetti del glutine e una mappa dei&#8230;<\/p>\n<div class=\" [&hellip;]\"><a href=\"https:\/\/www.thegfrecipes.com\/it\/gluten-advisor-it\/\">Leggi di pi\u00f9<\/a><\/div>\n","protected":false},"author":2,"featured_media":0,"parent":0,"menu_order":0,"comment_status":"closed","ping_status":"closed","template":"","meta":{"footnotes":""},"class_list":["post-120181","page","type-page","status-publish","hentry"],"acf":{"sub_title":"","show_featured_recipes_slider":false,"featured_recipes":null,"featured_recipes_background_image":null,"featured_recipes_layout_type":"mixed","make_featured_recipes_fixed_width":false,"background_image":null,"background_image_size":"default","parallax_background":"default","enable_custom_header_settings":false,"top_menu_type":"version_1","logo_image":null,"logo_image_width":210},"default_slug":"gluten-advisor","_links":{"self":[{"href":"https:\/\/www.thegfrecipes.com\/it\/wp-json\/wp\/v2\/pages\/120181","targetHints":{"allow":["GET"]}}],"collection":[{"href":"https:\/\/www.thegfrecipes.com\/it\/wp-json\/wp\/v2\/pages"}],"about":[{"href":"https:\/\/www.thegfrecipes.com\/it\/wp-json\/wp\/v2\/types\/page"}],"author":[{"embeddable":true,"href":"https:\/\/www.thegfrecipes.com\/it\/wp-json\/wp\/v2\/users\/2"}],"replies":[{"embeddable":true,"href":"https:\/\/www.thegfrecipes.com\/it\/wp-json\/wp\/v2\/comments?post=120181"}],"version-history":[{"count":9,"href":"https:\/\/www.thegfrecipes.com\/it\/wp-json\/wp\/v2\/pages\/120181\/revisions"}],"predecessor-version":[{"id":128268,"href":"https:\/\/www.thegfrecipes.com\/it\/wp-json\/wp\/v2\/pages\/120181\/revisions\/128268"}],"wp:attachment":[{"href":"https:\/\/www.thegfrecipes.com\/it\/wp-json\/wp\/v2\/media?parent=120181"}],"curies":[{"name":"wp","href":"https:\/\/api.w.org\/{rel}","templated":true}]}}