{"id":120169,"date":"2023-03-27T19:58:41","date_gmt":"2023-03-27T17:58:41","guid":{"rendered":"https:\/\/www.thegfrecipes.com\/gluten-advisor-fr\/"},"modified":"2024-05-30T17:36:51","modified_gmt":"2024-05-30T15:36:51","slug":"gluten-advisor-fr","status":"publish","type":"page","link":"https:\/\/www.thegfrecipes.com\/fr\/gluten-advisor-fr\/","title":{"rendered":"Application Gluten Advisor"},"content":{"rendered":"\n<figure class=\"wp-block-image size-large\"><img loading=\"lazy\" decoding=\"async\" width=\"1024\" height=\"576\" src=\"https:\/\/www.thegfrecipes.com\/wp-content\/uploads\/2023\/06\/Gluten-Advisor-Application-1-1024x576.webp\" alt=\"Un aper&#xE7;u d'une application appel&#xE9;e 'gluten advisor' qui contient les lieux d'Europe favorables aux malades c&#x153;liaques, des articles, des recettes et une boutique.\" class=\"wp-image-119487\" srcset=\"https:\/\/www.thegfrecipes.com\/wp-content\/uploads\/2023\/06\/Gluten-Advisor-Application-1-1024x576.webp 1024w, https:\/\/www.thegfrecipes.com\/wp-content\/uploads\/2023\/06\/Gluten-Advisor-Application-1-300x169.webp 300w, https:\/\/www.thegfrecipes.com\/wp-content\/uploads\/2023\/06\/Gluten-Advisor-Application-1-768x432.webp 768w, https:\/\/www.thegfrecipes.com\/wp-content\/uploads\/2023\/06\/Gluten-Advisor-Application-1-1536x864.webp 1536w, https:\/\/www.thegfrecipes.com\/wp-content\/uploads\/2023\/06\/Gluten-Advisor-Application-1-500x281.webp 500w, https:\/\/www.thegfrecipes.com\/wp-content\/uploads\/2023\/06\/Gluten-Advisor-Application-1-1300x731.webp 1300w, https:\/\/www.thegfrecipes.com\/wp-content\/uploads\/2023\/06\/Gluten-Advisor-Application-1.webp 2000w\" sizes=\"auto, (max-width: 1024px) 100vw, 1024px\" \/><\/figure>\n\n<p class=\"has-text-align-center\"><strong>T\u00e9l\u00e9chargez<\/strong> d\u00e8s maintenant et commencez \u00e0 explorer le monde de la vie sans gluten aujourd&rsquo;hui :<\/p>\n\n<center><a href=\"https:\/\/play.google.com\/store\/apps\/details?id=ro.retetefaragluten.retete_fara_gluten&#038;hl=en&#038;gl=US&#038;pcampaignid=pcampaignidMKT-Other-global-all-co-prtnr-py-PartBadge-Mar2515-1\" target=\"_blank\" rel=\"noopener\"><img loading=\"lazy\" decoding=\"async\" alt=\"Obtenez-le sur Google Play\" src=\"https:\/\/play.google.com\/intl\/en_us\/badges\/static\/images\/badges\/en_badge_web_generic.png\" width=\"300\" height=\"120\"\/><\/a>\n<a href=\"https:\/\/apps.apple.com\/ro\/app\/retete-fara-gluten\/id1643486515\" target=\"_blank\" rel=\"noopener\"><img loading=\"lazy\" decoding=\"async\" alt=\"T\u00e9l\u00e9chargez sur l'App Store\" src=\"https:\/\/www.thegfrecipes.com\/wp-content\/uploads\/2023\/03\/pngwing.com-1.png\" width=\"300\" height=\"120\"\/><\/a><\/center>\n\n<p class=\"has-text-align-center\">\u00ab\u00a0Gluten Advisor\u00a0\u00bb fournit une mine d&rsquo;informations, y compris une collection de d\u00e9licieuses recettes sans gluten pour le pain, les petits pains, les p\u00e2tisseries et tous les repas de la journ\u00e9e. Vous trouverez \u00e9galement de nombreux <strong>articles<\/strong>articles informatifs sur tous les aspects du gluten, ainsi qu&rsquo;une carte des lieux adapt\u00e9s aux c\u0153liaques dans toute <strong>l&rsquo;Europe<\/strong>. Que vous soyez c\u0153liaque ou simplement d\u00e9sireux de r\u00e9duire le gluten de votre alimentation, <strong>Gluten Advisor<\/strong>a tout ce dont vous avez besoin pour faire des choix \u00e9clair\u00e9s et profiter d&rsquo;une vie saine et \u00e9panouissante.  <\/p>\n\n<h2 class=\"wp-block-heading has-text-align-center\">La fonction \u00ab\u00a0Carte\u00a0\u00bb<\/h2>\n\n<p class=\"has-text-align-center\">En tant que c\u0153liaques, nous voulons nous assurer que vous passez le meilleur moment possible en voyage. C&rsquo;est pourquoi chaque endroit inclus dans l&rsquo;application est v\u00e9rifi\u00e9 et <strong>100 % s\u00fbr pour les c\u0153liaques<\/strong>. Vous obtenez toutes les informations dont vous avez besoin dans notre application, depuis une courte vid\u00e9o sur l&rsquo;endroit jusqu&rsquo;\u00e0 leur menu et leurs coordonn\u00e9es. Tout ce dont vous avez besoin pour vous d\u00e9tendre avant de manger \u00e0 l&rsquo;ext\u00e9rieur !   <\/p>\n<div class=\"wp-block-image\">\n<figure class=\"aligncenter size-full is-resized\"><img loading=\"lazy\" decoding=\"async\" width=\"740\" height=\"643\" src=\"https:\/\/www.thegfrecipes.com\/wp-content\/uploads\/2023\/06\/gluten-advisor-app.jpg\" alt=\"\" class=\"wp-image-119533\" style=\"width:740px;height:643px\" srcset=\"https:\/\/www.thegfrecipes.com\/wp-content\/uploads\/2023\/06\/gluten-advisor-app.jpg 740w, https:\/\/www.thegfrecipes.com\/wp-content\/uploads\/2023\/06\/gluten-advisor-app-300x261.jpg 300w, https:\/\/www.thegfrecipes.com\/wp-content\/uploads\/2023\/06\/gluten-advisor-app-500x434.jpg 500w\" sizes=\"auto, (max-width: 740px) 100vw, 740px\" \/><\/figure>\n<\/div>\n<h2 class=\"wp-block-heading has-text-align-center\">Recettes incluses dans l&rsquo;application \u00ab\u00a0Gluten Advisor<\/h2>\n\n<p class=\"has-text-align-center\">L&rsquo;application propose une vari\u00e9t\u00e9 de recettes r\u00e9parties en cinq cat\u00e9gories pratiques : Pain &amp; Petits Pains, P\u00e2tisseries, Petit-d\u00e9jeuner, D\u00e9jeuner et D\u00eener. Chaque cat\u00e9gorie offre une gamme d&rsquo;options app\u00e9tissantes pour satisfaire diff\u00e9rentes occasions, envies et pr\u00e9f\u00e9rences alimentaires. <\/p>\n<div class=\"wp-block-image\">\n<figure class=\"aligncenter size-large is-resized\"><img loading=\"lazy\" decoding=\"async\" width=\"1024\" height=\"683\" src=\"https:\/\/www.thegfrecipes.com\/wp-content\/uploads\/2023\/03\/DSC00932-3-min-3-1024x683.jpg\" alt=\"d&#xE9;jeuner\" class=\"wp-image-109314\" style=\"width:730px;height:486px\" srcset=\"https:\/\/www.thegfrecipes.com\/wp-content\/uploads\/2023\/03\/DSC00932-3-min-3-1024x683.jpg 1024w, https:\/\/www.thegfrecipes.com\/wp-content\/uploads\/2023\/03\/DSC00932-3-min-3-300x200.jpg 300w, https:\/\/www.thegfrecipes.com\/wp-content\/uploads\/2023\/03\/DSC00932-3-min-3-768x512.jpg 768w, https:\/\/www.thegfrecipes.com\/wp-content\/uploads\/2023\/03\/DSC00932-3-min-3-500x333.jpg 500w, https:\/\/www.thegfrecipes.com\/wp-content\/uploads\/2023\/03\/DSC00932-3-min-3.jpg 1230w\" sizes=\"auto, (max-width: 1024px) 100vw, 1024px\" \/><\/figure>\n<\/div>\n<h2 class=\"wp-block-heading has-text-align-center\">Tout ce que vous devez savoir sur le gluten<\/h2>\n\n<p class=\"has-text-align-center\">Nos articles sur le sans-gluten couvrent un large \u00e9ventail de sujets pour vous aider \u00e0 naviguer dans le monde de la vie sans gluten en toute confiance. Que vous veniez d&rsquo;\u00eatre diagnostiqu\u00e9 avec la maladie c\u0153liaque ou que vous ayez choisi d&rsquo;adopter un r\u00e9gime sans gluten, nous avons des ressources adapt\u00e9es \u00e0 vos besoins. <\/p>\n\n<p class=\"has-text-align-center\"><a href=\"https:\/\/www.thegfrecipes.com\/fr\/articles-fr\/symptomes-maladie-coeliaque-traitement\/\">Maladie c\u0153liaque : Comprendre les sympt\u00f4mes, le diagnostic et le traitement.<\/a><\/p>\n\n<p class=\"has-text-align-center\"><a href=\"https:\/\/www.thegfrecipes.com\/fr\/articles-fr\/sans-gluten-alcool\/\">Alcool Sans Gluten : Un Guide pour Appr\u00e9cier une Boisson S\u00fbre et D\u00e9licieuse<\/a><\/p>\n\n<p class=\"has-text-align-center\"><strong>T\u00e9l\u00e9chargez maintenant<\/strong> et profitez d&rsquo;un mode de vie simplifi\u00e9 sans gluten :<\/p>\n\n<center><a href=\"https:\/\/play.google.com\/store\/apps\/details?id=ro.retetefaragluten.retete_fara_gluten&#038;hl=en&#038;gl=US&#038;pcampaignid=pcampaignidMKT-Other-global-all-co-prtnr-py-PartBadge-Mar2515-1\" target=\"_blank\" rel=\"noopener\"><img decoding=\"async\" alt=\"Obtenez-le sur Google Play\" src=\"https:\/\/play.google.com\/intl\/en_us\/badges\/static\/images\/badges\/en_badge_web_generic.png\"\/><\/a>\n<a href=\"https:\/\/apps.apple.com\/ro\/app\/retete-fara-gluten\/id1643486515\" target=\"_blank\" rel=\"noopener\"><img loading=\"lazy\" decoding=\"async\" alt=\"T\u00e9l\u00e9chargez sur l'App Store\" src=\"https:\/\/www.thegfrecipes.com\/wp-content\/uploads\/2023\/03\/pngwing.com-1.png\" width=\"646\" height=\"250\"\/><\/a><\/center>\n","protected":false},"excerpt":{"rendered":"<p>T\u00e9l\u00e9chargez d\u00e8s maintenant et commencez \u00e0 explorer le monde de la vie sans gluten aujourd&rsquo;hui : \u00ab\u00a0Gluten Advisor\u00a0\u00bb fournit une mine d&rsquo;informations, y compris une collection de d\u00e9licieuses recettes sans gluten pour le pain, les petits pains, les p\u00e2tisseries et tous les repas de la journ\u00e9e. Vous trouverez \u00e9galement de nombreux articlesarticles informatifs sur tous&#8230;<\/p>\n<div class=\" [&hellip;]\"><a href=\"https:\/\/www.thegfrecipes.com\/fr\/gluten-advisor-fr\/\">Lire la suite<\/a><\/div>\n","protected":false},"author":2,"featured_media":0,"parent":0,"menu_order":0,"comment_status":"closed","ping_status":"closed","template":"","meta":{"footnotes":""},"class_list":["post-120169","page","type-page","status-publish","hentry"],"acf":{"sub_title":"","show_featured_recipes_slider":false,"featured_recipes":null,"featured_recipes_background_image":null,"featured_recipes_layout_type":"mixed","make_featured_recipes_fixed_width":false,"background_image":null,"background_image_size":"default","parallax_background":"default","enable_custom_header_settings":false,"top_menu_type":"version_1","logo_image":null,"logo_image_width":210},"default_slug":"gluten-advisor","_links":{"self":[{"href":"https:\/\/www.thegfrecipes.com\/fr\/wp-json\/wp\/v2\/pages\/120169","targetHints":{"allow":["GET"]}}],"collection":[{"href":"https:\/\/www.thegfrecipes.com\/fr\/wp-json\/wp\/v2\/pages"}],"about":[{"href":"https:\/\/www.thegfrecipes.com\/fr\/wp-json\/wp\/v2\/types\/page"}],"author":[{"embeddable":true,"href":"https:\/\/www.thegfrecipes.com\/fr\/wp-json\/wp\/v2\/users\/2"}],"replies":[{"embeddable":true,"href":"https:\/\/www.thegfrecipes.com\/fr\/wp-json\/wp\/v2\/comments?post=120169"}],"version-history":[{"count":10,"href":"https:\/\/www.thegfrecipes.com\/fr\/wp-json\/wp\/v2\/pages\/120169\/revisions"}],"predecessor-version":[{"id":128259,"href":"https:\/\/www.thegfrecipes.com\/fr\/wp-json\/wp\/v2\/pages\/120169\/revisions\/128259"}],"wp:attachment":[{"href":"https:\/\/www.thegfrecipes.com\/fr\/wp-json\/wp\/v2\/media?parent=120169"}],"curies":[{"name":"wp","href":"https:\/\/api.w.org\/{rel}","templated":true}]}}