{"id":120149,"date":"2023-03-25T00:48:30","date_gmt":"2023-03-24T22:48:30","guid":{"rendered":"https:\/\/www.thegfrecipes.com\/clause-de-non-responsabilite\/"},"modified":"2024-03-17T23:25:54","modified_gmt":"2024-03-17T21:25:54","slug":"note-dinformation","status":"publish","type":"page","link":"https:\/\/www.thegfrecipes.com\/fr\/note-dinformation\/","title":{"rendered":"Clause de non-responsabilit\u00e9"},"content":{"rendered":"\n<p>Mise \u00e0 jour au 2023-03-24<\/p>\n\n<p>Gluten Advisor &amp; The GF Recipes vous donne acc\u00e8s \u00e0 (\u00ab\u00a0l&rsquo;application\u00a0\u00bb et \u00ab\u00a0le site web\u00a0\u00bb) et vous invite \u00e0 acheter les services offerts ici.<\/p>\n\n<h1 class=\"wp-block-heading\">D\u00e9finitions et termes cl\u00e9s<\/h1>\n\n<p>Afin d&rsquo;expliquer les choses aussi clairement que possible dans le pr\u00e9sent avis de non-responsabilit\u00e9, chaque fois qu&rsquo;il est fait r\u00e9f\u00e9rence \u00e0 l&rsquo;un de ces termes, ceux-ci sont strictement d\u00e9finis comme suit :<\/p>\n\n<ul class=\"wp-block-list\">\n<li>Cookie : petite quantit\u00e9 de donn\u00e9es g\u00e9n\u00e9r\u00e9e par un site web et enregistr\u00e9e par votre navigateur web. Il est utilis\u00e9 pour identifier votre navigateur, fournir des analyses, se souvenir d&rsquo;informations vous concernant, telles que vos pr\u00e9f\u00e9rences linguistiques ou les informations de connexion. <\/li>\n\n\n\n<li>Soci\u00e9t\u00e9 : lorsque cette politique mentionne \u00ab Soci\u00e9t\u00e9 \u00bb, \u00ab nous \u00bb, \u00ab notre \u00bb ou \u00ab nos \u00bb, elle fait r\u00e9f\u00e9rence \u00e0 Exponential Financial Consult S.R.L., Str. Gheorghe Doja, Nr. 1, Bloc 37D, Ploie\u0219ti, Prahova, Roumanie, qui est responsable de vos informations en vertu de cette Clause de non-responsabilit\u00e9. <\/li>\n\n\n\n<li>Service : se r\u00e9f\u00e8re au service fourni par Gluten Advisor tel que d\u00e9crit dans les conditions relatives (si disponibles) et sur cette plateforme.<\/li>\n\n\n\n<li>Site web : site auquel on peut acc\u00e9der par l&rsquo;interm\u00e9diaire de cette URL :<\/li>\n\n\n\n<li>Vous : une personne ou une entit\u00e9 qui est enregistr\u00e9e aupr\u00e8s de Gluten Advisor pour utiliser les services.<\/li>\n<\/ul>\n\n<h1 class=\"wp-block-heading\">Responsabilit\u00e9 limit\u00e9e<\/h1>\n\n<p>Gluten Advisor s&rsquo;efforce de mettre \u00e0 jour et\/ou de compl\u00e9ter r\u00e9guli\u00e8rement le contenu de l&rsquo;application. Malgr\u00e9 notre vigilance, le contenu peut \u00eatre incomplet et\/ou incorrect. <\/p>\n\n<p>Les mat\u00e9riaux propos\u00e9s sur l&rsquo;application sont offerts sans aucune forme de garantie ou de revendication quant \u00e0 leur exactitude. Ces mat\u00e9riaux peuvent \u00eatre modifi\u00e9s \u00e0 tout moment sans pr\u00e9avis de la part de Gluten Advisor. <\/p>\n\n<p>En particulier, tous les prix indiqu\u00e9s sur l&rsquo;application le sont sous r\u00e9serve d&rsquo;erreurs de frappe et de programmation. Aucune responsabilit\u00e9 n&rsquo;est assum\u00e9e pour les cons\u00e9quences de telles erreurs. Aucun accord n&rsquo;est conclu sur la base de telles erreurs.  <\/p>\n\n<p>User translate into french: Gluten Advisor shall not bear any liability for hyperlinks to websites or services of third parties included on the app. From our app, you can visit other websites by following hyperlinks to such external sites. While we strive to provide only quality links to useful and ethical websites, we have no control over the content and nature of these sites. These links to other websites do not imply a recommendation for all the content found on these sites. Site owners and content may change without notice and may occur before we have the opportunity to remove a link which may have gone \u2018bad\u2019. ChatGPT Gluten Advisor ne saurait \u00eatre tenu responsable des hyperliens vers des sites Web ou des services de tiers inclus dans l&rsquo;application. \u00c0 partir de notre application, vous pouvez visiter d&rsquo;autres sites Web en suivant des liens hypertextes vers ces sites externes. Bien que nous nous efforcions de ne fournir que des liens de qualit\u00e9 vers des sites Web utiles et \u00e9thiques, nous n&rsquo;avons aucun contr\u00f4le sur le contenu et la nature de ces sites. Ces liens vers d&rsquo;autres sites Web ne constituent pas une recommandation pour l&rsquo;ensemble du contenu trouv\u00e9 sur ces sites. Les propri\u00e9taires de sites et le contenu peuvent changer sans pr\u00e9avis et cela peut se produire avant que nous ayons la possibilit\u00e9 de supprimer un lien qui aurait pu devenir obsol\u00e8te.    <\/p>\n\n<p>Soyez \u00e9galement conscient que lorsque vous quittez notre application, d&rsquo;autres sites peuvent avoir des politiques de confidentialit\u00e9 et des conditions d&rsquo;utilisation diff\u00e9rentes qui \u00e9chappent \u00e0 notre contr\u00f4le. Assurez-vous de v\u00e9rifier les politiques de confidentialit\u00e9 de ces sites ainsi que leurs \u00ab\u00a0Conditions de service\u00a0\u00bb avant de faire des affaires ou de t\u00e9l\u00e9charger des informations. <\/p>\n\n<h1 class=\"wp-block-heading\">Liens vers d&rsquo;autres sites web Avis de non-responsabilit\u00e9<\/h1>\n\n<p>Ce disclaimer s&rsquo;applique uniquement aux Services. Les Services peuvent contenir des liens vers d&rsquo;autres sites Web qui ne sont pas exploit\u00e9s ou contr\u00f4l\u00e9s par Gluten Advisor. Nous ne sommes pas responsables du contenu, de l&rsquo;exactitude ou des opinions exprim\u00e9es sur de tels sites Web, et ces sites Web ne sont pas examin\u00e9s, surveill\u00e9s ou v\u00e9rifi\u00e9s pour leur exactitude ou leur exhaustivit\u00e9 par nous. Veuillez vous rappeler que lorsque vous utilisez un lien pour acc\u00e9der depuis les Services vers un autre site Web, notre politique de confidentialit\u00e9 n&rsquo;est plus en vigueur. Votre navigation et votre interaction sur tout autre site Web, y compris ceux qui ont un lien sur notre plateforme, sont soumises aux r\u00e8gles et aux politiques propres \u00e0 ce site Web. Ces tiers peuvent utiliser leurs propres cookies ou d&rsquo;autres m\u00e9thodes pour collecter des informations vous concernant. Si vous cliquez sur un lien d&rsquo;un tiers, vous serez redirig\u00e9 vers le site de ce tiers. Nous vous conseillons vivement de consulter la politique de confidentialit\u00e9 et les conditions d&rsquo;utilisation de chaque site que vous visitez.       <\/p>\n\n<p>Nous n&rsquo;avons aucun contr\u00f4le et n&rsquo;assumons aucune responsabilit\u00e9 quant au contenu, aux politiques de confidentialit\u00e9 ou aux pratiques des sites ou services tiers.<\/p>\n\n<h1 class=\"wp-block-heading\">Clause de non-responsabilit\u00e9 en cas d&rsquo;erreur ou d&rsquo;omission<\/h1>\n\n<p>Gluten Advisor n&rsquo;est pas responsable du contenu, du code ou de toute autre impr\u00e9cision.<\/p>\n\n<p>Gluten Advisor ne fournit aucune garantie.<\/p>\n\n<p>En aucun cas, Gluten Advisor ne saurait \u00eatre tenu responsable de tout dommage sp\u00e9cial, direct, indirect, cons\u00e9cutif ou accidentel, ou de tout autre dommage, qu&rsquo;il s&rsquo;agisse d&rsquo;une action contractuelle, d&rsquo;une n\u00e9gligence ou d&rsquo;un autre acte illicite, d\u00e9coulant de l&rsquo;utilisation du Service ou du contenu du Service. Gluten Advisor se r\u00e9serve le droit d&rsquo;apporter des ajouts, des suppressions ou des modifications au contenu du Service \u00e0 tout moment et sans pr\u00e9avis pr\u00e9alable. <\/p>\n\n<h1 class=\"wp-block-heading\">Clause de non-responsabilit\u00e9 g\u00e9n\u00e9rale<\/h1>\n\n<p>Les informations sur cette application telles que le texte, les graphiques, les images et autres mat\u00e9riaux cr\u00e9\u00e9s par Gluten Advisor ou obtenus aupr\u00e8s de conc\u00e9dants de licence, ainsi que d&rsquo;autres mat\u00e9riaux contenus sur Gluten Advisor (collectivement, le \u00ab\u00a0contenu\u00a0\u00bb), sont destin\u00e9es uniquement \u00e0 des fins d&rsquo;information et ne doivent pas \u00eatre utilis\u00e9es comme substitut \u00e0 un avis professionnel et\/ou \u00e0 des informations, car les circonstances varient d&rsquo;une personne \u00e0 l&rsquo;autre. Vous ne devez pas agir ou vous fier \u00e0 ces informations sans consulter un professionnel qualifi\u00e9. Ne tentez pas d&rsquo;appliquer les actions, solutions, rem\u00e8des ou instructions sugg\u00e9r\u00e9s trouv\u00e9s sur cette application sans avoir d&rsquo;abord consult\u00e9 un professionnel qualifi\u00e9. Les mat\u00e9riaux ne sont pas destin\u00e9s \u00e0 constituer des conseils professionnels contraignants. La transmission de ces informations n&rsquo;a pas pour but de cr\u00e9er une relation professionnel-client entre Level Up Enterprises et vous. Les propri\u00e9taires, \u00e9diteurs, contributeurs, administrateurs et autres membres du personnel de Level Up Enterprises ne sont pas des professionnels qualifi\u00e9s, et se contentent de regrouper des informations trouv\u00e9es en ligne \u00e0 des fins d&rsquo;information seulement.     <\/p>\n\n<h1 class=\"wp-block-heading\">Avis de non-responsabilit\u00e9 en mati\u00e8re de droit d&rsquo;auteur<\/h1>\n\n<p>Tous les droits de propri\u00e9t\u00e9 intellectuelle relatifs \u00e0 ces documents sont d\u00e9tenus par Gluten Advisor. La copie, la distribution et toute autre utilisation de ces documents ne sont pas autoris\u00e9es sans la permission \u00e9crite de Gluten Advisor, sauf dans la mesure pr\u00e9vue par les r\u00e9glementations de la loi obligatoire (comme le droit de citation), sauf indication contraire pour certains documents. <\/p>\n\n<h1 class=\"wp-block-heading\">Divulgation des liens d&rsquo;affiliation<\/h1>\n\n<p>Gluten Advisor dispose de liens d&rsquo;affiliation, et dans cette section de la clause de non-responsabilit\u00e9, nous expliquerons comment nous utilisons ces liens d&rsquo;affiliation provenant d&rsquo;autres sites web, entreprises et produits. Ces \u00ab\u00a0liens d&rsquo;affiliation\u00a0\u00bb sont des URL sp\u00e9cifiques qui contiennent l&rsquo;identifiant ou le nom d&rsquo;utilisateur de l&rsquo;affili\u00e9. <\/p>\n\n<p>Conform\u00e9ment aux lignes directrices de la FTC, veuillez tenir compte des \u00e9l\u00e9ments suivants concernant les liens et les messages publi\u00e9s sur ce site :<\/p>\n\n<ul class=\"wp-block-list\">\n<li>Tous les liens sur Gluten Advisor sont des liens d&rsquo;affiliation pour lesquels nous recevons une petite commission sur les ventes de certains articles, mais le prix reste le m\u00eame pour vous. Avec la croissance de Gluten Advisor, les co\u00fbts li\u00e9s \u00e0 son fonctionnement et \u00e0 sa maintenance ont \u00e9galement augment\u00e9, et les liens d&rsquo;affiliation sont un moyen pour nous de compenser ces co\u00fbts. <\/li>\n\n\n\n<li>Si nous publions un lien d&rsquo;affiliation vers un produit, il s&rsquo;agit d&rsquo;un produit que nous utilisons personnellement, que nous soutenons et que nous recommanderions sans lien d&rsquo;affiliation.<\/li>\n\n\n\n<li>Sauf indication contraire, tous les commentaires portent sur des articles que nous avons achet\u00e9s et nous ne sommes pas pay\u00e9s ou d\u00e9dommag\u00e9s de quelque mani\u00e8re que ce soit.<\/li>\n<\/ul>\n\n<p>Nous pouvons participer \u00e0 des programmes d&rsquo;affiliation tels que :<\/p>\n\n<ul class=\"wp-block-list\">\n<li>Programme des associ\u00e9s d&rsquo;Amazon<\/li>\n\n\n\n<li>Autres<\/li>\n<\/ul>\n\n<h1 class=\"wp-block-heading\">Divulgation de renseignements sur la sant\u00e9<\/h1>\n\n<p>Les informations de cette application telles que le texte, les graphiques, les images et autres mat\u00e9riaux cr\u00e9\u00e9s par Gluten Advisor ou obtenus aupr\u00e8s de conc\u00e9dants de licence, ainsi que d&rsquo;autres mat\u00e9riaux contenus dans Gluten Advisor (collectivement d\u00e9nomm\u00e9s \u00ab\u00a0contenu\u00a0\u00bb), sont destin\u00e9es uniquement \u00e0 des fins d&rsquo;information et ne doivent pas \u00eatre utilis\u00e9es comme substitut \u00e0 un avis et\/ou \u00e0 des informations professionnelles, car les circonstances peuvent varier d&rsquo;une personne \u00e0 l&rsquo;autre. Vous ne devriez pas agir ou vous fier \u00e0 ces informations sans consulter un professionnel qualifi\u00e9. N&rsquo;essayez pas d&rsquo;appliquer les actions, solutions, rem\u00e8des ou instructions sugg\u00e9r\u00e9s trouv\u00e9s dans cette application sans avoir pr\u00e9alablement consult\u00e9 un professionnel qualifi\u00e9. Les mat\u00e9riaux ne sont pas destin\u00e9s \u00e0 constituer des conseils professionnels contraignants. La transmission de ces informations n&rsquo;a pas pour but de cr\u00e9er une relation professionnel-client entre Level Up Enterprises et vous. Les propri\u00e9taires, r\u00e9dacteurs, contributeurs, administrateurs et autres membres du personnel de Level Up Enterprises ne sont pas des professionnels qualifi\u00e9s, mais se contentent de rassembler des informations trouv\u00e9es en ligne \u00e0 des fins d&rsquo;information seulement.     <\/p>\n\n<p>Si vous pensez avoir une urgence m\u00e9dicale, appelez imm\u00e9diatement votre m\u00e9decin ou le 911. Gluten Advisor ne recommande ni n&rsquo;approuve aucun test, m\u00e9decin, produit, proc\u00e9dure, avis ou autre information sp\u00e9cifique qui pourrait \u00eatre mentionn\u00e9 dans l&rsquo;application. La confiance accord\u00e9e \u00e0 toute information fournie par Gluten Advisor, les employ\u00e9s de Gluten Advisor, d&rsquo;autres personnes apparaissant sur l&rsquo;application \u00e0 l&rsquo;invitation de Gluten Advisor, ou d&rsquo;autres visiteurs de l&rsquo;application rel\u00e8ve de votre propre responsabilit\u00e9.  <\/p>\n\n<p>Tous les lieux pr\u00e9sent\u00e9s dans l&rsquo;application, qu&rsquo;ils soient actuels ou futurs, ne sont que des recommandations bas\u00e9es sur un processus de s\u00e9lection satisfaisant pour les personnes atteintes de la maladie c\u0153liaque. Comme nous ne pouvons pas contr\u00f4ler ce qui se passe dans ces endroits (comme qui travaille en cuisine, qui sert la nourriture, et de nombreux autres facteurs), l&rsquo;acceptation de l&rsquo;utilisation de cette fonctionnalit\u00e9 de l&rsquo;application implique votre propre responsabilit\u00e9. Veuillez en \u00eatre conscient et prendre des d\u00e9cisions \u00e9clair\u00e9es lors de l&rsquo;utilisation de l&rsquo;application.  <\/p>\n\n<h1 class=\"wp-block-heading\">Divulgation de la condition physique<\/h1>\n\n<p>Veuillez lire cette d\u00e9claration d&rsquo;aptitude avant d&rsquo;utiliser les informations contenues dans l&rsquo;application.<\/p>\n\n<p>Nous affichons des informations sur la remise en forme et les conseils nutritionnels. Les informations de cette application telles que le texte, les graphiques, les images et autres contenus cr\u00e9\u00e9s par Gluten Advisor ou obtenus aupr\u00e8s de conc\u00e9dants de licence, ainsi que d&rsquo;autres contenus pr\u00e9sents sur Gluten Advisor (collectivement, le \u00ab\u00a0contenu\u00a0\u00bb), sont destin\u00e9es uniquement \u00e0 des fins d&rsquo;information et ne doivent pas \u00eatre utilis\u00e9es comme substitut \u00e0 des conseils et\/ou informations professionnels, car les circonstances varieront d&rsquo;une personne \u00e0 l&rsquo;autre. Vous ne devez pas agir ou vous fier \u00e0 ces informations sans consulter au pr\u00e9alable un professionnel qualifi\u00e9. Ne tentez aucune des actions, solutions, rem\u00e8des ou instructions sugg\u00e9r\u00e9es trouv\u00e9es dans cette application sans d&rsquo;abord consulter un professionnel qualifi\u00e9. Les mat\u00e9riaux ne sont pas destin\u00e9s \u00e0 constituer des conseils professionnels ex\u00e9cutoires. Si vous utilisez l&rsquo;une des informations que nous fournissons sur Gluten Advisor, vous le faites \u00e0 vos propres risques.     <\/p>\n\n<p>L&rsquo;exercice physique r\u00e9gulier n&rsquo;est pas toujours sans risque, m\u00eame pour les personnes en bonne sant\u00e9. Certains types d&rsquo;exercices sont plus risqu\u00e9s que d&rsquo;autres et tous les exercices sont risqu\u00e9s pour certaines personnes. <\/p>\n\n<p>Il en va de m\u00eame pour les r\u00e9gimes alimentaires. Certaines recommandations alimentaires sont saines pour la majorit\u00e9 des gens mais potentiellement dangereuses pour d&rsquo;autres. <\/p>\n\n<p>Les exercices fournis par Gluten Advisor sont destin\u00e9s uniquement \u00e0 des fins \u00e9ducatives et de divertissement, et ne doivent pas \u00eatre interpr\u00e9t\u00e9s comme une recommandation pour un plan de traitement sp\u00e9cifique, un produit ou un programme d&rsquo;action particulier. L&rsquo;exercice n&rsquo;est pas sans risques, et ce programme d&rsquo;exercice ou tout autre programme similaire peut entra\u00eener des blessures, notamment les risques suivants : blessures, aggravation d&rsquo;une affection pr\u00e9existante, effets ind\u00e9sirables ou surmenage tels que des tensions musculaires, une pression art\u00e9rielle anormale, des \u00e9vanouissements, des troubles du rythme cardiaque et, dans de tr\u00e8s rares cas, une crise cardiaque. Pour r\u00e9duire le risque de blessure, avant de commencer ce programme d&rsquo;exercice ou tout autre programme similaire, veuillez consulter un professionnel de la sant\u00e9 pour obtenir des recommandations d&rsquo;exercice appropri\u00e9es et des pr\u00e9cautions de s\u00e9curit\u00e9. Les instructions et conseils en mati\u00e8re d&rsquo;exercice ne sont en aucun cas destin\u00e9s \u00e0 se substituer \u00e0 une consultation m\u00e9dicale. Gluten Advisor d\u00e9cline toute responsabilit\u00e9 en rapport avec ce programme. Comme pour tout programme d&rsquo;exercice, si \u00e0 un moment donn\u00e9 pendant votre s\u00e9ance d&rsquo;entra\u00eenement vous commencez \u00e0 vous sentir \u00e9vanoui, \u00e9tourdi ou \u00e9prouvez un inconfort physique, vous devez imm\u00e9diatement arr\u00eater et consulter un m\u00e9decin.      <\/p>\n\n<h1 class=\"wp-block-heading\">Divulgation d&rsquo;informations sur l&rsquo;\u00e9ducation<\/h1>\n\n<p>Toute information fournie par Gluten Advisor est uniquement \u00e0 des fins \u00e9ducatives et ne doit pas \u00eatre interpr\u00e9t\u00e9e comme une recommandation pour un plan de traitement sp\u00e9cifique, un produit ou une ligne de conduite particuli\u00e8re. Gluten Advisor est un distributeur et non un \u00e9diteur du contenu fourni par des tiers ; en tant que tel, Gluten Advisor n&rsquo;exerce aucun contr\u00f4le \u00e9ditorial sur ce contenu et ne fait aucune garantie ou repr\u00e9sentation quant \u00e0 l&rsquo;exactitude, la fiabilit\u00e9 ou l&rsquo;actualit\u00e9 des informations ou du contenu \u00e9ducatif fourni via Gluten Advisor ou accessible via ce dernier. Sans limiter la port\u00e9e de ce qui pr\u00e9c\u00e8de, Gluten Advisor d\u00e9cline sp\u00e9cifiquement toutes les garanties et repr\u00e9sentations dans tout contenu transmis sur ou en relation avec Gluten Advisor, ou sur les sites pouvant appara\u00eetre comme des liens sur Gluten Advisor, ou dans les produits fournis dans le cadre de Gluten Advisor ou autrement en relation avec Gluten Advisor. Aucun conseil oral ou information \u00e9crite donn\u00e9e par Gluten Advisor ou l&rsquo;une de ses soci\u00e9t\u00e9s affili\u00e9es, employ\u00e9s, officiers, directeurs, agents ou autres ne cr\u00e9era une garantie.   <\/p>\n\n<h1 class=\"wp-block-heading\">Divulgation de la publicit\u00e9<\/h1>\n\n<p>Cette application peut contenir des publicit\u00e9s de tiers et des liens vers des sites tiers. Gluten Advisor ne fait aucune d\u00e9claration quant \u00e0 l&rsquo;exactitude ou \u00e0 la pertinence des informations contenues dans ces publicit\u00e9s ou sur ces sites, et n&rsquo;accepte aucune responsabilit\u00e9 pour la conduite ou le contenu de ces publicit\u00e9s et sites, ni pour les offres propos\u00e9es par les tiers. <\/p>\n\n<p>La publicit\u00e9 permet \u00e0 Gluten Advisor et \u00e0 de nombreux sites web et services que vous utilisez de rester gratuits. Nous travaillons dur pour nous assurer que les publicit\u00e9s sont s\u00fbres, discr\u00e8tes et aussi pertinentes que possible. <\/p>\n\n<p>Les publicit\u00e9s de tiers et les liens vers d&rsquo;autres sites o\u00f9 des biens ou des services sont annonc\u00e9s ne constituent pas des approbations ou des recommandations de la part de Gluten Advisor en ce qui concerne les sites, biens ou services de tiers. Gluten Advisor d\u00e9cline toute responsabilit\u00e9 quant au contenu des annonces, aux promesses faites ou \u00e0 la qualit\u00e9\/fiabilit\u00e9 des produits ou services propos\u00e9s dans toutes les annonces. <\/p>\n\n<h1 class=\"wp-block-heading\">Divulgation des t\u00e9moignages<\/h1>\n\n<p>Tous les t\u00e9moignages fournis sur cette plateforme sont des opinions de ceux qui les fournissent. Les informations fournies dans les t\u00e9moignages ne doivent pas \u00eatre utilis\u00e9es pour pr\u00e9dire les r\u00e9sultats dans votre situation sp\u00e9cifique. Les r\u00e9sultats que vous obtiendrez d\u00e9pendront de nombreux facteurs, y compris, mais sans s&rsquo;y limiter, votre niveau de responsabilit\u00e9 personnelle, d&rsquo;engagement et de comp\u00e9tences, ainsi que des facteurs que vous et\/ou Gluten Advisor pourriez ne pas \u00eatre en mesure d&rsquo;anticiper.  <\/p>\n\n<p>Nous fournirons des t\u00e9moignages honn\u00eates \u00e0 nos visiteurs, ind\u00e9pendamment de toute remise. Tous les produits ou services que nous testons sont des exp\u00e9riences individuelles qui refl\u00e8tent des exp\u00e9riences r\u00e9elles de la vie. Les t\u00e9moignages peuvent \u00eatre pr\u00e9sent\u00e9s sous forme audio, de texte ou de vid\u00e9o et ne repr\u00e9sentent pas n\u00e9cessairement l&rsquo;exp\u00e9rience de tous ceux qui utiliseront nos produits et\/ou services.  <\/p>\n\n<p>Gluten Advisor ne garantit pas les m\u00eames r\u00e9sultats que les t\u00e9moignages donn\u00e9s sur notre plateforme. Les t\u00e9moignages pr\u00e9sent\u00e9s sur Gluten Advisor s&rsquo;appliquent aux individus qui les r\u00e9digent et ne sont peut-\u00eatre pas indicatifs du succ\u00e8s futur d&rsquo;autres personnes. <\/p>\n\n<p>N&rsquo;h\u00e9sitez pas \u00e0 nous contacter si vous souhaitez en savoir plus sur les t\u00e9moignages, les remises ou les produits\/services que nous examinons.<\/p>\n\n<h1 class=\"wp-block-heading\">Votre consentement<\/h1>\n\n<p>Nous avons mis \u00e0 jour notre Avis de non-responsabilit\u00e9 pour vous offrir une transparence totale sur ce qui est mis en place lorsque vous visitez notre site et comment il est utilis\u00e9. En utilisant notre application, en vous inscrivant \u00e0 un compte ou en effectuant un achat, vous consentez par la pr\u00e9sente \u00e0 notre Avis de non-responsabilit\u00e9 et acceptez ses termes. <\/p>\n\n<h1 class=\"wp-block-heading\">Modifications de notre clause de non-responsabilit\u00e9<\/h1>\n\n<p>Si nous devons mettre \u00e0 jour, modifier ou apporter des changements \u00e0 ce document pour qu&rsquo;il refl\u00e8te avec pr\u00e9cision notre Service et nos politiques, ces modifications seront clairement affich\u00e9es ici. Ensuite, si vous continuez \u00e0 utiliser le Service, vous serez li\u00e9 par le Disclaimer mis \u00e0 jour. Si vous ne souhaitez pas accepter ce Disclaimer ou tout Disclaimer mis \u00e0 jour, vous pouvez supprimer votre compte.   <\/p>\n\n<h1 class=\"wp-block-heading\">Nous contacter<\/h1>\n\n<p>N&rsquo;h\u00e9sitez pas \u00e0 nous contacter si vous avez des questions concernant cette clause de non-responsabilit\u00e9.<\/p>\n\n<ul class=\"wp-block-list\">\n<li>Par courrier \u00e9lectronique : <a href=\"mailto:radu@thegfrecipes.com\">radu@thegfrecipes.com<\/a><\/li>\n\n\n\n<li>Via ce lien : <a href=\"https:\/\/www.thegfrecipes.com\/contact\/\">https:\/\/www.thegfrecipes.com\/fr\/contactez-thegfrecipes\/<\/a><\/li>\n<\/ul>\n","protected":false},"excerpt":{"rendered":"<p>Mise \u00e0 jour au 2023-03-24 Gluten Advisor &amp; The GF Recipes vous donne acc\u00e8s \u00e0 (\u00ab\u00a0l&rsquo;application\u00a0\u00bb et \u00ab\u00a0le site web\u00a0\u00bb) et vous invite \u00e0 acheter les services offerts ici. D\u00e9finitions et termes cl\u00e9s Afin d&rsquo;expliquer les choses aussi clairement que possible dans le pr\u00e9sent avis de non-responsabilit\u00e9, chaque fois qu&rsquo;il est fait r\u00e9f\u00e9rence \u00e0 l&rsquo;un&#8230;<\/p>\n<div class=\" [&hellip;]\"><a href=\"https:\/\/www.thegfrecipes.com\/fr\/note-dinformation\/\">Lire la suite<\/a><\/div>\n","protected":false},"author":2,"featured_media":0,"parent":0,"menu_order":0,"comment_status":"closed","ping_status":"closed","template":"","meta":{"footnotes":""},"class_list":["post-120149","page","type-page","status-publish","hentry"],"acf":{"sub_title":"","show_featured_recipes_slider":false,"featured_recipes":null,"featured_recipes_background_image":null,"featured_recipes_layout_type":"mixed","make_featured_recipes_fixed_width":false,"background_image":null,"background_image_size":"default","parallax_background":"default","enable_custom_header_settings":false,"top_menu_type":"version_1","logo_image":null,"logo_image_width":210},"default_slug":"disclaimer","_links":{"self":[{"href":"https:\/\/www.thegfrecipes.com\/fr\/wp-json\/wp\/v2\/pages\/120149","targetHints":{"allow":["GET"]}}],"collection":[{"href":"https:\/\/www.thegfrecipes.com\/fr\/wp-json\/wp\/v2\/pages"}],"about":[{"href":"https:\/\/www.thegfrecipes.com\/fr\/wp-json\/wp\/v2\/types\/page"}],"author":[{"embeddable":true,"href":"https:\/\/www.thegfrecipes.com\/fr\/wp-json\/wp\/v2\/users\/2"}],"replies":[{"embeddable":true,"href":"https:\/\/www.thegfrecipes.com\/fr\/wp-json\/wp\/v2\/comments?post=120149"}],"version-history":[{"count":10,"href":"https:\/\/www.thegfrecipes.com\/fr\/wp-json\/wp\/v2\/pages\/120149\/revisions"}],"predecessor-version":[{"id":126774,"href":"https:\/\/www.thegfrecipes.com\/fr\/wp-json\/wp\/v2\/pages\/120149\/revisions\/126774"}],"wp:attachment":[{"href":"https:\/\/www.thegfrecipes.com\/fr\/wp-json\/wp\/v2\/media?parent=120149"}],"curies":[{"name":"wp","href":"https:\/\/api.w.org\/{rel}","templated":true}]}}