{"id":120077,"date":"2023-03-05T21:34:12","date_gmt":"2023-03-05T19:34:12","guid":{"rendered":"https:\/\/www.thegfrecipes.com\/categories\/"},"modified":"2023-10-02T15:36:32","modified_gmt":"2023-10-02T13:36:32","slug":"categories","status":"publish","type":"page","link":"https:\/\/www.thegfrecipes.com\/fr\/categories\/","title":{"rendered":"Cat\u00e9gories"},"content":{"rendered":"\n<div class=\"wp-block-rank-math-toc-block\" id=\"rank-math-toc\"><h2>Table of Contents<\/h2><nav><ul><li><a href=\"#gluten-free-pastry\">P\u00e2tisserie sans gluten<\/a><\/li><li><a href=\"#gluten-free-breakfast\">Petit-d\u00e9jeuner sans gluten<\/a><\/li><li><a href=\"#gluten-free-lunch\">D\u00e9jeuner sans gluten<\/a><\/li><li><a href=\"#gluten-free-dinner\">D\u00eener sans gluten<\/a><\/li><li><a href=\"#gluten-free-categories\">Cat\u00e9gories sans gluten<\/a><\/li><\/ul><\/nav><\/div>\n\n\n\n<p>Bienvenue sur la page de cat\u00e9gories sans gluten de notre blog, o\u00f9 nous vous proposons une d\u00e9licieuse s\u00e9lection de recettes soigneusement \u00e9labor\u00e9es pour r\u00e9pondre \u00e0 vos besoins alimentaires. Notre page de cat\u00e9gories regorge d&rsquo;options all\u00e9chantes pour satisfaire vos envies tout en respectant un mode de vie sans gluten. Que vous ayez envie d&rsquo;une d\u00e9licieuse p\u00e2tisserie, d&rsquo;un petit-d\u00e9jeuner copieux, d&rsquo;un d\u00e9jeuner satisfaisant ou d&rsquo;un d\u00eener savoureux, nous avons ce qu&rsquo;il vous faut !  <\/p>\n\n\n\n<h2 class=\"wp-block-heading\" id=\"gluten-free-pastry\"><a href=\"https:\/\/www.thegfrecipes.com\/cat\u00e9gorie\/patisserie\/?lang=fr\">P\u00e2tisserie sans gluten<\/a><\/h2>\n\n\n\n<p>Laissez-vous emporter dans le monde divin des p\u00e2tisseries sans gluten o\u00f9 nous avons ma\u00eetris\u00e9 l&rsquo;art de cr\u00e9er des d\u00e9lices d\u00e9licieux sans compromettre le go\u00fbt et la texture. Des tartes feuillet\u00e9es aux cookies qui fondent dans la bouche, nos recettes de p\u00e2tisseries vous laisseront en redemander. <\/p>\n\n\n\n<h2 class=\"wp-block-heading\" id=\"gluten-free-breakfast\"><a href=\"https:\/\/www.thegfrecipes.com\/cat\u00e9gorie\/petit-dejeuner\/?lang=fr\">Petit-d\u00e9jeuner sans gluten<\/a><\/h2>\n\n\n\n<p>Commencez votre journ\u00e9e du bon pied avec nos d\u00e9licieuses recettes de petit-d\u00e9jeuner sans gluten. Profitez d&rsquo;une vari\u00e9t\u00e9 d&rsquo;options qui vont au-del\u00e0 de l&rsquo;ordinaire, comme des pancakes moelleux, des frittatas savoureuses et des bols de smoothie nourrissants. Ces recettes regorgent de saveurs et vous donneront l&rsquo;\u00e9nergie pour une journ\u00e9e fantastique \u00e0 venir.  <\/p>\n\n\n\n<h2 class=\"wp-block-heading\" id=\"gluten-free-lunch\"><a href=\"https:\/\/www.thegfrecipes.com\/cat\u00e9gorie\/dejeuner\/?lang=fr\">D\u00e9jeuner sans gluten<\/a><\/h2>\n\n\n\n<p>Nos recettes de d\u00e9jeuner sans gluten sont con\u00e7ues pour vous offrir un repas de midi satisfaisant, \u00e0 la fois nutritif et savoureux. D\u00e9couvrez une vari\u00e9t\u00e9 de salades, de sandwiches, de wraps et de soupes consistantes qui vous laisseront rassasi\u00e9 et pr\u00eat \u00e0 conqu\u00e9rir le reste de votre journ\u00e9e. <\/p>\n\n\n\n<h2 class=\"wp-block-heading\" id=\"gluten-free-dinner\"><a href=\"https:\/\/www.thegfrecipes.com\/cat\u00e9gorie\/diner\/?lang=fr\">D\u00eener sans gluten<\/a><\/h2>\n\n\n\n<p>Terminez votre journ\u00e9e en beaut\u00e9 avec notre collection diversifi\u00e9e de recettes de d\u00eener sans gluten. Des gratins r\u00e9confortants aux saut\u00e9s all\u00e9chants en passant par les plats principaux \u00e9l\u00e9gants, nous vous proposons une large gamme d&rsquo;options pour satisfaire tous les palais. Ces recettes feront du d\u00eener une exp\u00e9rience d\u00e9licieuse pour vous et vos proches.  <\/p>\n\n\n\n<h2 class=\"wp-block-heading\" id=\"gluten-free-categories\"><a href=\"https:\/\/www.thegfrecipes.com\/gluten-free-categories\/\">Cat\u00e9gories sans gluten<\/a><\/h2>\n\n\n\n<p>Nombreuses cat\u00e9gories sans gluten<br>Les meilleures cat\u00e9gories de produits sans gluten<\/p>\n\n\n\n<p>Une liste compl\u00e8te des cat\u00e9gories sans gluten<\/p>\n\n\n\n<p>D\u00e9licieuses cat\u00e9gories sans gluten<br>La maladie c\u0153liaque est une maladie auto-immune courante mais souvent mal comprise qui affecte des millions de personnes dans le monde. Malgr\u00e9 sa pr\u00e9valence, de nombreuses personnes restent non diagnostiqu\u00e9es ou re\u00e7oivent un mauvais diagnostic, ce qui entra\u00eene des ann\u00e9es de souffrance inutile. Dans cet article, nous discuterons des sympt\u00f4mes, du diagnostic et du traitement de la maladie c\u0153liaque, ainsi que des conseils utiles pour g\u00e9rer la condition.  <\/p>\n\n\n\n<p>Si vous soup\u00e7onnez \u00eatre atteint de la maladie c\u0153liaque, il est important de rechercher un diagnostic aupr\u00e8s d&rsquo;un m\u00e9decin sp\u00e9cialiste. La premi\u00e8re \u00e9tape dans le diagnostic de la maladie c\u0153liaque est un test sanguin pour v\u00e9rifier la pr\u00e9sence d&rsquo;anticorps que le corps produit en r\u00e9ponse au gluten. Si le test sanguin revient positif, votre m\u00e9decin peut recommander une biopsie de l&rsquo;intestin gr\u00eale pour confirmer le diagnostic.  <\/p>\n\n\n\n<p>Le seul traitement de la maladie c\u0153liaque est un r\u00e9gime strict sans gluten. Cela signifie \u00e9viter tous les aliments et boissons contenant du gluten, y compris le pain, les p\u00e2tes, la bi\u00e8re, et m\u00eame certains m\u00e9dicaments et compl\u00e9ments alimentaires. Il est essentiel de travailler avec un di\u00e9t\u00e9ticien ou un nutritionniste agr\u00e9\u00e9 pour s&rsquo;assurer que votre r\u00e9gime alimentaire est \u00e9quilibr\u00e9 et r\u00e9pond \u00e0 vos besoins nutritionnels.  <\/p>\n\n\n\n<p>Vivre avec la maladie c\u0153liaque peut \u00eatre un d\u00e9fi, mais de nombreuses ressources et syst\u00e8mes de soutien sont disponibles pour vous aider \u00e0 g\u00e9rer cette condition. Voici quelques conseils pour g\u00e9rer la maladie c\u0153liaque: <\/p>\n\n\n\n<ul class=\"wp-block-list\">\n<li>Apprenez \u00e0 lire les \u00e9tiquettes alimentaires et \u00e0 identifier les sources cach\u00e9es de gluten.<\/li>\n\n\n\n<li>Pr\u00e9parez des en-cas et des repas sans gluten lorsque vous mangez \u00e0 l&rsquo;ext\u00e9rieur ou lorsque vous voyagez.<\/li>\n\n\n\n<li>Rejoignez un groupe de soutien local ou en ligne pour les personnes atteintes de la maladie c\u0153liaque.<\/li>\n\n\n\n<li>Informer la famille et les amis de la maladie et de l&rsquo;importance d&rsquo;un r\u00e9gime sans gluten.<\/li>\n\n\n\n<li>Envisagez de parler \u00e0 un th\u00e9rapeute ou \u00e0 un conseiller pour aborder l&rsquo;impact \u00e9motionnel de vivre avec une condition chronique.<\/li>\n<\/ul>\n\n\n\n<p>La recherche sur la maladie c\u0153liaque est en cours, et il existe de nouveaux traitements et th\u00e9rapies prometteurs \u00e0 l&rsquo;horizon. Certaines des zones de concentration de la recherche sur la maladie c\u0153liaque incluent: <\/p>\n\n\n\n<ul class=\"wp-block-list\">\n<li>Le d\u00e9veloppement de m\u00e9dicaments pour aider \u00e0 prot\u00e9ger l&rsquo;intestin gr\u00eale des dommages caus\u00e9s par le gluten.<\/li>\n\n\n\n<li>\u00c9tudier le microbiote intestinal et son r\u00f4le dans la maladie c\u0153liaque.<\/li>\n\n\n\n<li>Explorer les th\u00e9rapies g\u00e9n\u00e9tiques potentielles pour la maladie c\u0153liaque.<\/li>\n<\/ul>\n\n\n\n<p>La maladie c\u0153liaque est une grave maladie auto-immune qui exige un engagement \u00e0 vie envers un r\u00e9gime sans gluten. Si vous soup\u00e7onnez \u00eatre atteint de la maladie c\u0153liaque, il est important de consulter un professionnel de la sant\u00e9 pour obtenir un diagnostic et de travailler avec un di\u00e9t\u00e9ticien ou un nutritionniste agr\u00e9\u00e9 pour g\u00e9rer la condition. Avec les soins et la gestion appropri\u00e9s, les personnes atteintes de la maladie c\u0153liaque peuvent mener une vie saine et \u00e9panouissante.  <\/p>\n\n\n\n<p>Cherchez-vous un guide complet pour une alimentation sans gluten ? Que vous soyez atteint de la maladie c\u0153liaque, intol\u00e9rant au gluten ou simplement d\u00e9sireux de r\u00e9duire votre consommation de gluten, il est essentiel de savoir quels aliments sont s\u00fbrs et lesquels \u00e9viter. Dans cet article, nous vous fournirons une liste d&rsquo;aliments sans gluten, y compris des options d\u00e9licieuses et saines pour vous aider \u00e0 maintenir un r\u00e9gime \u00e9quilibr\u00e9.  <\/p>\n\n\n\n<p>Le gluten est une prot\u00e9ine pr\u00e9sente dans le bl\u00e9, l&rsquo;orge, le seigle et leurs d\u00e9riv\u00e9s. Il est responsable de l&rsquo;\u00e9lasticit\u00e9 et de la texture de nombreux produits de boulangerie, notamment le pain, la p\u00e2te \u00e0 pizza et les p\u00e2tes. Malheureusement, chez les personnes atteintes de la maladie c\u0153liaque, la consommation de gluten peut endommager la paroi de leur petit intestin, entra\u00eenant la malabsorption des nutriments et divers probl\u00e8mes de sant\u00e9.  <\/p>\n\n\n\n<p>Notre page Facebook : <a href=\"https:\/\/www.facebook.com\/thegfrecipes\" target=\"_blank\" rel=\"noopener\">https:\/\/www.facebook.com\/thegfrecipes<\/a><\/p>\n\n\n\n<p>Nos recettes de p\u00e2tisserie : <a href=\"https:\/\/www.thegfrecipes.com\/cat\u00e9gorie\/patisserie\/?lang=fr\">https:\/\/www.thegfrecipes.com\/category\/pastry\/<\/a><\/p>\n\n\n\n<figure class=\"wp-block-image size-large is-resized\"><img loading=\"lazy\" decoding=\"async\" src=\"https:\/\/www.thegfrecipes.com\/wp-content\/uploads\/2023\/06\/Snapshot_1079-1024x576.jpg\" alt=\"cat\u00e9gories sans gluten\" class=\"wp-image-113244\" style=\"width:336px;height:188px\" width=\"336\" height=\"188\" srcset=\"https:\/\/www.thegfrecipes.com\/wp-content\/uploads\/2023\/06\/Snapshot_1079-1024x576.jpg 1024w, https:\/\/www.thegfrecipes.com\/wp-content\/uploads\/2023\/06\/Snapshot_1079-300x169.jpg 300w, https:\/\/www.thegfrecipes.com\/wp-content\/uploads\/2023\/06\/Snapshot_1079-768x432.jpg 768w, https:\/\/www.thegfrecipes.com\/wp-content\/uploads\/2023\/06\/Snapshot_1079-1536x864.jpg 1536w, https:\/\/www.thegfrecipes.com\/wp-content\/uploads\/2023\/06\/Snapshot_1079-500x281.jpg 500w, https:\/\/www.thegfrecipes.com\/wp-content\/uploads\/2023\/06\/Snapshot_1079-1300x731.jpg 1300w, https:\/\/www.thegfrecipes.com\/wp-content\/uploads\/2023\/06\/Snapshot_1079.jpg 1920w\" sizes=\"auto, (max-width: 336px) 100vw, 336px\" \/><\/figure>\n","protected":false},"excerpt":{"rendered":"<p>Bienvenue sur la page de cat\u00e9gories sans gluten de notre blog, o\u00f9 nous vous proposons une d\u00e9licieuse s\u00e9lection de recettes soigneusement \u00e9labor\u00e9es pour r\u00e9pondre \u00e0 vos besoins alimentaires. Notre page de cat\u00e9gories regorge d&rsquo;options all\u00e9chantes pour satisfaire vos envies tout en respectant un mode de vie sans gluten. Que vous ayez envie d&rsquo;une d\u00e9licieuse p\u00e2tisserie,&#8230;<\/p>\n<div class=\" [&hellip;]\"><a href=\"https:\/\/www.thegfrecipes.com\/fr\/categories\/\">Lire la suite<\/a><\/div>\n","protected":false},"author":2,"featured_media":0,"parent":0,"menu_order":0,"comment_status":"closed","ping_status":"closed","template":"page-categories.php","meta":{"footnotes":""},"class_list":["post-120077","page","type-page","status-publish","hentry"],"acf":{"sub_title":"","which_categories_to_show":"select","category_items":[{"title":"Petit d\u00e9jeuner","description":"Une grande vari\u00e9t\u00e9 d\u2019id\u00e9es de petit-d\u00e9jeuner d\u00e9licieuses et nutritives pour bien commencer la journ\u00e9e. Que vous recherchiez quelque chose de rapide et facile ou un repas plus \u00e9labor\u00e9 pour impressionner vos invit\u00e9s, nous avons ce qu\u2019il vous faut.","what_to_show":"category","category":2007,"page":null,"custom_link":"","image":109309},{"title":"D\u00e9jeuner","description":"Nos recettes de d\u00e9jeuner sont con\u00e7ues pour \u00eatre rapides et faciles \u00e0 pr\u00e9parer, parfaites pour une journ\u00e9e de travail charg\u00e9e ou un d\u00e9jeuner de week-end avec des amis et de la famille. Nous utilisons des ingr\u00e9dients frais et de saison ainsi que des techniques de cuisson simples pour cr\u00e9er des plats sains, savoureux et satisfaisants.","what_to_show":"category","category":2008,"page":null,"custom_link":"","image":109315},{"title":"D\u00eener","description":"Des plats r\u00e9confortants classiques comme les hamburgers et les tacos aux favoris internationaux comme les spaghettis au thon et les sushis, nos recettes de d\u00eener sont parfaites pour les soir\u00e9es charg\u00e9es de la semaine lorsque vous avez besoin d\u2019un repas rapide et facile.","what_to_show":"category","category":2009,"page":null,"custom_link":"","image":109025},{"title":"P\u00e2tisserie","description":"Que vous organisiez un d\u00eener de f\u00eate, c\u00e9l\u00e9briez une occasion sp\u00e9ciale, ou cherchiez simplement une douceur \u00e0 d\u00e9guster apr\u00e8s le d\u00eener, nos desserts vous feront vous demander s\u2019ils sont vraiment sans gluten. Essayez nos d\u00e9licieux \u00e9clairs, profiteroles, fudges, beignets, cheesecakes, roul\u00e9s et tartes.","what_to_show":"category","category":2010,"page":null,"custom_link":"","image":109037},{"title":"Pain et brioches","description":"Que vous soyez un boulanger exp\u00e9riment\u00e9 ou un d\u00e9butant, nos recettes simples sont con\u00e7ues pour vous aider \u00e0 cr\u00e9er facilement de d\u00e9licieux pains, brioches, baguettes et bretzels.","what_to_show":"category","category":2011,"page":null,"custom_link":"","image":109044}],"show_featured_recipes_slider":false,"featured_recipes":null,"featured_recipes_background_image":"","featured_recipes_layout_type":"mixed","make_featured_recipes_fixed_width":false,"background_image":"","background_image_size":"default","parallax_background":"default","enable_custom_header_settings":false,"top_menu_type":"version_1","logo_image":null,"logo_image_width":210},"default_slug":"categories","_links":{"self":[{"href":"https:\/\/www.thegfrecipes.com\/fr\/wp-json\/wp\/v2\/pages\/120077","targetHints":{"allow":["GET"]}}],"collection":[{"href":"https:\/\/www.thegfrecipes.com\/fr\/wp-json\/wp\/v2\/pages"}],"about":[{"href":"https:\/\/www.thegfrecipes.com\/fr\/wp-json\/wp\/v2\/types\/page"}],"author":[{"embeddable":true,"href":"https:\/\/www.thegfrecipes.com\/fr\/wp-json\/wp\/v2\/users\/2"}],"replies":[{"embeddable":true,"href":"https:\/\/www.thegfrecipes.com\/fr\/wp-json\/wp\/v2\/comments?post=120077"}],"version-history":[{"count":5,"href":"https:\/\/www.thegfrecipes.com\/fr\/wp-json\/wp\/v2\/pages\/120077\/revisions"}],"predecessor-version":[{"id":120766,"href":"https:\/\/www.thegfrecipes.com\/fr\/wp-json\/wp\/v2\/pages\/120077\/revisions\/120766"}],"wp:attachment":[{"href":"https:\/\/www.thegfrecipes.com\/fr\/wp-json\/wp\/v2\/media?parent=120077"}],"curies":[{"name":"wp","href":"https:\/\/api.w.org\/{rel}","templated":true}]}}