{"id":120175,"date":"2023-03-27T19:58:41","date_gmt":"2023-03-27T17:58:41","guid":{"rendered":"https:\/\/www.thegfrecipes.com\/gluten-advisor-de\/"},"modified":"2024-05-30T17:38:19","modified_gmt":"2024-05-30T15:38:19","slug":"gluten-advisor-de","status":"publish","type":"page","link":"https:\/\/www.thegfrecipes.com\/de\/gluten-advisor-de\/","title":{"rendered":"Gluten Advisor Anwendung"},"content":{"rendered":"\n<figure class=\"wp-block-image size-large\"><img loading=\"lazy\" decoding=\"async\" width=\"1024\" height=\"576\" src=\"https:\/\/www.thegfrecipes.com\/wp-content\/uploads\/2023\/06\/Gluten-Advisor-Application-1-1024x576.webp\" alt=\"Eine &#xDC;bersicht &#xFC;ber eine App namens &quot;Gluten Advisor&quot;, die celiacfrendliche Standorte in Europa, Artikel, Rezepte und einen Shop enth&#xE4;lt.\" class=\"wp-image-119487\" srcset=\"https:\/\/www.thegfrecipes.com\/wp-content\/uploads\/2023\/06\/Gluten-Advisor-Application-1-1024x576.webp 1024w, https:\/\/www.thegfrecipes.com\/wp-content\/uploads\/2023\/06\/Gluten-Advisor-Application-1-300x169.webp 300w, https:\/\/www.thegfrecipes.com\/wp-content\/uploads\/2023\/06\/Gluten-Advisor-Application-1-768x432.webp 768w, https:\/\/www.thegfrecipes.com\/wp-content\/uploads\/2023\/06\/Gluten-Advisor-Application-1-1536x864.webp 1536w, https:\/\/www.thegfrecipes.com\/wp-content\/uploads\/2023\/06\/Gluten-Advisor-Application-1-500x281.webp 500w, https:\/\/www.thegfrecipes.com\/wp-content\/uploads\/2023\/06\/Gluten-Advisor-Application-1-1300x731.webp 1300w, https:\/\/www.thegfrecipes.com\/wp-content\/uploads\/2023\/06\/Gluten-Advisor-Application-1.webp 2000w\" sizes=\"auto, (max-width: 1024px) 100vw, 1024px\" \/><\/figure>\n\n<p class=\"has-text-align-center\"><strong>Jetzt herunterladen<\/strong> und die Welt des glutenfreien Lebens erkunden:<\/p>\n\n<center><a href=\"https:\/\/play.google.com\/store\/apps\/details?id=ro.retetefaragluten.retete_fara_gluten&#038;hl=en&#038;gl=US&#038;pcampaignid=pcampaignidMKT-Other-global-all-co-prtnr-py-PartBadge-Mar2515-1\" target=\"_blank\" rel=\"noopener\"><img loading=\"lazy\" decoding=\"async\" alt=\"Holen Sie es sich auf Google Play.\" src=\"https:\/\/play.google.com\/intl\/en_us\/badges\/static\/images\/badges\/en_badge_web_generic.png\" width=\"300\" height=\"120\"\/><\/a>\n<a href=\"https:\/\/apps.apple.com\/ro\/app\/retete-fara-gluten\/id1643486515\" target=\"_blank\" rel=\"noopener\"><img loading=\"lazy\" decoding=\"async\" alt=\"Laden Sie es im App Store herunter.\" src=\"https:\/\/www.thegfrecipes.com\/wp-content\/uploads\/2023\/03\/pngwing.com-1.png\" width=\"300\" height=\"120\"\/><\/a><\/center>\n\n<p class=\"has-text-align-center\">&#8222;Gluten Advisor&#8220; bietet eine F\u00fclle von Informationen, einschlie\u00dflich einer Sammlung k\u00f6stlicher glutenfreier Rezepte f\u00fcr Brot, Br\u00f6tchen, Geb\u00e4ck und alle Mahlzeiten des Tages. Sie finden auch viele informative <strong>Artikel<\/strong> zu allen Aspekten von Gluten und eine Karte mit z\u00f6liakiefreundlichen Orten in ganz <strong>Europa<\/strong>. Ob Sie an Z\u00f6liakie leiden oder einfach nur Gluten aus Ihrer Ern\u00e4hrung streichen m\u00f6chten, <strong>Gluten Advisor<\/strong> bietet alles, was Sie ben\u00f6tigen, um informierte Entscheidungen zu treffen und ein gesundes, erf\u00fclltes Leben zu genie\u00dfen.  <\/p>\n\n<h2 class=\"wp-block-heading has-text-align-center\">Das &#8222;Karten&#8220; Feature<\/h2>\n\n<p class=\"has-text-align-center\">Als Z\u00f6liakie-Betroffene m\u00f6chten wir sicherstellen, dass Sie auf Ihren Reisen die bestm\u00f6gliche Zeit haben. Aus diesem Grund sind alle Orte, die in der App enthalten sind, gepr\u00fcft und zu <strong>100% sicher f\u00fcr Z\u00f6liakie-Betroffene<\/strong>. Sie erhalten alle Informationen, die Sie in unserer Anwendung ben\u00f6tigen, von einem kurzen Video \u00fcber den Ort bis hin zu ihrer Speisekarte und ihren Kontaktdaten. Alles, was Sie ben\u00f6tigen, um Ihre \u00c4ngste vor dem Essen im Restaurant zu lindern!   <\/p>\n<div class=\"wp-block-image\">\n<figure class=\"aligncenter size-full is-resized\"><img loading=\"lazy\" decoding=\"async\" width=\"740\" height=\"643\" src=\"https:\/\/www.thegfrecipes.com\/wp-content\/uploads\/2023\/06\/gluten-advisor-app.jpg\" alt=\"\" class=\"wp-image-119533\" style=\"width:740px;height:643px\" srcset=\"https:\/\/www.thegfrecipes.com\/wp-content\/uploads\/2023\/06\/gluten-advisor-app.jpg 740w, https:\/\/www.thegfrecipes.com\/wp-content\/uploads\/2023\/06\/gluten-advisor-app-300x261.jpg 300w, https:\/\/www.thegfrecipes.com\/wp-content\/uploads\/2023\/06\/gluten-advisor-app-500x434.jpg 500w\" sizes=\"auto, (max-width: 740px) 100vw, 740px\" \/><\/figure>\n<\/div>\n<h2 class=\"wp-block-heading has-text-align-center\">Rezepte in der &#8222;Gluten Advisor&#8220; App<\/h2>\n\n<p class=\"has-text-align-center\">Die App bietet eine vielf\u00e4ltige Auswahl an Rezepten, die in f\u00fcnf bequeme Kategorien unterteilt sind: Brot &amp; Br\u00f6tchen, Geb\u00e4ck, Fr\u00fchst\u00fcck, Mittagessen und Abendessen. Jede Kategorie bietet eine Vielzahl von k\u00f6stlichen Optionen f\u00fcr verschiedene Anl\u00e4sse, Gel\u00fcste und Ern\u00e4hrungsvorlieben. <\/p>\n<div class=\"wp-block-image\">\n<figure class=\"aligncenter size-large is-resized\"><img loading=\"lazy\" decoding=\"async\" width=\"1024\" height=\"683\" src=\"https:\/\/www.thegfrecipes.com\/wp-content\/uploads\/2023\/03\/DSC00932-3-min-3-1024x683.jpg\" alt=\"mittagessen\" class=\"wp-image-109314\" style=\"width:730px;height:486px\" srcset=\"https:\/\/www.thegfrecipes.com\/wp-content\/uploads\/2023\/03\/DSC00932-3-min-3-1024x683.jpg 1024w, https:\/\/www.thegfrecipes.com\/wp-content\/uploads\/2023\/03\/DSC00932-3-min-3-300x200.jpg 300w, https:\/\/www.thegfrecipes.com\/wp-content\/uploads\/2023\/03\/DSC00932-3-min-3-768x512.jpg 768w, https:\/\/www.thegfrecipes.com\/wp-content\/uploads\/2023\/03\/DSC00932-3-min-3-500x333.jpg 500w, https:\/\/www.thegfrecipes.com\/wp-content\/uploads\/2023\/03\/DSC00932-3-min-3.jpg 1230w\" sizes=\"auto, (max-width: 1024px) 100vw, 1024px\" \/><\/figure>\n<\/div>\n<h2 class=\"wp-block-heading has-text-align-center\">Alles, was Sie \u00fcber Gluten wissen m\u00fcssen<\/h2>\n\n<p class=\"has-text-align-center\">Unsere glutenfreien Artikel behandeln eine Vielzahl von Themen, um Ihnen zu helfen, selbstbewusst in der Welt des glutenfreien Lebens zu navigieren. Egal, ob Sie gerade erst mit der Diagnose Z\u00f6liakie konfrontiert wurden oder sich f\u00fcr eine glutenfreie Ern\u00e4hrung entschieden haben, wir haben Ressourcen, die auf Ihre Bed\u00fcrfnisse zugeschnitten sind. <\/p>\n\n<p class=\"has-text-align-center\"><a href=\"https:\/\/www.thegfrecipes.com\/de\/artikel\/zoeliakie-symptome-behandlung\/\">Z\u00f6liakie: Verst\u00e4ndnis f\u00fcr Symptome, Diagnose und Behandlung<\/a><\/p>\n\n<p class=\"has-text-align-center\"><a href=\"https:\/\/www.thegfrecipes.com\/de\/artikel\/glutenfrei-alkoholisch\/\">Glutenfreier Alkohol: Ein Leitfaden f\u00fcr sicheren und k\u00f6stlichen Genuss<\/a><\/p>\n\n<p class=\"has-text-align-center\"><strong>Jetzt herunterladen<\/strong> und einen vereinfachten glutenfreien Lebensstil genie\u00dfen:<\/p>\n\n<center><a href=\"https:\/\/play.google.com\/store\/apps\/details?id=ro.retetefaragluten.retete_fara_gluten&#038;hl=en&#038;gl=US&#038;pcampaignid=pcampaignidMKT-Other-global-all-co-prtnr-py-PartBadge-Mar2515-1\" target=\"_blank\" rel=\"noopener\"><img decoding=\"async\" alt=\"Holen Sie es sich auf Google Play.\" src=\"https:\/\/play.google.com\/intl\/en_us\/badges\/static\/images\/badges\/en_badge_web_generic.png\"\/><\/a>\n<a href=\"https:\/\/apps.apple.com\/ro\/app\/retete-fara-gluten\/id1643486515\" target=\"_blank\" rel=\"noopener\"><img loading=\"lazy\" decoding=\"async\" alt=\"Laden Sie es im App Store herunter.\" src=\"https:\/\/www.thegfrecipes.com\/wp-content\/uploads\/2023\/03\/pngwing.com-1.png\" width=\"646\" height=\"250\"\/><\/a><\/center>\n","protected":false},"excerpt":{"rendered":"<p>Jetzt herunterladen und die Welt des glutenfreien Lebens erkunden: &#8222;Gluten Advisor&#8220; bietet eine F\u00fclle von Informationen, einschlie\u00dflich einer Sammlung k\u00f6stlicher glutenfreier Rezepte f\u00fcr Brot, Br\u00f6tchen, Geb\u00e4ck und alle Mahlzeiten des Tages. Sie finden auch viele informative Artikel zu allen Aspekten von Gluten und eine Karte mit z\u00f6liakiefreundlichen Orten in ganz Europa. Ob Sie an Z\u00f6liakie&#8230;<\/p>\n<div class=\" [&hellip;]\"><a href=\"https:\/\/www.thegfrecipes.com\/de\/gluten-advisor-de\/\">Mehr lesen<\/a><\/div>\n","protected":false},"author":2,"featured_media":0,"parent":0,"menu_order":0,"comment_status":"closed","ping_status":"closed","template":"","meta":{"footnotes":""},"class_list":["post-120175","page","type-page","status-publish","hentry"],"acf":{"sub_title":"","show_featured_recipes_slider":false,"featured_recipes":null,"featured_recipes_background_image":null,"featured_recipes_layout_type":"mixed","make_featured_recipes_fixed_width":false,"background_image":null,"background_image_size":"default","parallax_background":"default","enable_custom_header_settings":false,"top_menu_type":"version_1","logo_image":null,"logo_image_width":210},"default_slug":"gluten-advisor","_links":{"self":[{"href":"https:\/\/www.thegfrecipes.com\/de\/wp-json\/wp\/v2\/pages\/120175","targetHints":{"allow":["GET"]}}],"collection":[{"href":"https:\/\/www.thegfrecipes.com\/de\/wp-json\/wp\/v2\/pages"}],"about":[{"href":"https:\/\/www.thegfrecipes.com\/de\/wp-json\/wp\/v2\/types\/page"}],"author":[{"embeddable":true,"href":"https:\/\/www.thegfrecipes.com\/de\/wp-json\/wp\/v2\/users\/2"}],"replies":[{"embeddable":true,"href":"https:\/\/www.thegfrecipes.com\/de\/wp-json\/wp\/v2\/comments?post=120175"}],"version-history":[{"count":9,"href":"https:\/\/www.thegfrecipes.com\/de\/wp-json\/wp\/v2\/pages\/120175\/revisions"}],"predecessor-version":[{"id":128264,"href":"https:\/\/www.thegfrecipes.com\/de\/wp-json\/wp\/v2\/pages\/120175\/revisions\/128264"}],"wp:attachment":[{"href":"https:\/\/www.thegfrecipes.com\/de\/wp-json\/wp\/v2\/media?parent=120175"}],"curies":[{"name":"wp","href":"https:\/\/api.w.org\/{rel}","templated":true}]}}