{"id":120102,"date":"2023-03-13T09:10:45","date_gmt":"2023-03-13T07:10:45","guid":{"rendered":"https:\/\/www.thegfrecipes.com\/kontaktieren-sie-thegfrecipes\/"},"modified":"2023-09-17T15:37:49","modified_gmt":"2023-09-17T13:37:49","slug":"kontaktieren-sie-thegfrecipes","status":"publish","type":"page","link":"https:\/\/www.thegfrecipes.com\/de\/kontaktieren-sie-thegfrecipes\/","title":{"rendered":"Kontaktieren Sie uns"},"content":{"rendered":"<div class=\"wp-block-image\">\n<figure class=\"aligncenter size-full is-resized\"><img loading=\"lazy\" decoding=\"async\" src=\"https:\/\/www.thegfrecipes.com\/wp-content\/uploads\/2023\/06\/Contact-theGFrecipes-1.jpg\" alt=\"Blick von oben auf einen &quot;Kontaktiere theGFrecipes&quot;-Block.\" class=\"wp-image-119293\" style=\"width:487px;height:325px\" width=\"487\" height=\"325\" srcset=\"https:\/\/www.thegfrecipes.com\/wp-content\/uploads\/2023\/06\/Contact-theGFrecipes-1.jpg 1000w, https:\/\/www.thegfrecipes.com\/wp-content\/uploads\/2023\/06\/Contact-theGFrecipes-1-300x200.jpg 300w, https:\/\/www.thegfrecipes.com\/wp-content\/uploads\/2023\/06\/Contact-theGFrecipes-1-768x512.jpg 768w, https:\/\/www.thegfrecipes.com\/wp-content\/uploads\/2023\/06\/Contact-theGFrecipes-1-500x334.jpg 500w\" sizes=\"auto, (max-width: 487px) 100vw, 487px\" \/><\/figure>\n<\/div>\n<p>Wir sch\u00e4tzen Ihre R\u00fcckmeldungen, Vorschl\u00e4ge und Fragen und freuen uns darauf, mit unseren Lesern in Kontakt zu treten. Egal, ob Sie eine Rezeptanfrage haben, eine Zusammenarbeit w\u00fcnschen oder einfach nur &#8222;Hallo&#8220; sagen m\u00f6chten, dies ist der perfekte Ort, um mit uns in Kontakt zu treten. <\/p>\n\n<p>Wir glauben daran, eine lebendige Gemeinschaft zu f\u00f6rdern, und wir ermutigen Sie, Ihre Gedanken, Erfahrungen und Ideen im Zusammenhang mit glutenfreiem Kochen und Backen zu teilen. Unser engagiertes Team ist leidenschaftlich daran interessiert, k\u00f6stliche und nahrhafte Rezepte zu erstellen, die verschiedenen Ern\u00e4hrungsbed\u00fcrfnissen gerecht werden, und wir sind hier, um Sie auf Ihrer kulinarischen Reise zu unterst\u00fctzen. <\/p>\n\n<p>Um uns zu kontaktieren, f\u00fcllen Sie bitte das unten stehende Kontaktformular aus. Wir bem\u00fchen uns, auf alle Anfragen zeitnah zu antworten und Ihnen die ben\u00f6tigte Unterst\u00fctzung zukommen zu lassen. Ihr Feedback ist uns sehr wichtig, da wir kontinuierlich daran arbeiten, Ihre Erfahrung auf theGFrecipes zu verbessern.  <\/p>\n\n<div class=\"wpcf7 no-js\" id=\"wpcf7-f119276-o1\" lang=\"en-US\" dir=\"ltr\" data-wpcf7-id=\"119276\">\n<div class=\"screen-reader-response\"><p role=\"status\" aria-live=\"polite\" aria-atomic=\"true\"><\/p> <ul><\/ul><\/div>\n<form action=\"\/de\/wp-json\/wp\/v2\/pages\/120102#wpcf7-f119276-o1\" method=\"post\" class=\"wpcf7-form init\" aria-label=\"Contact form\" novalidate=\"novalidate\" data-status=\"init\">\n<fieldset class=\"hidden-fields-container\"><input type=\"hidden\" name=\"_wpcf7\" value=\"119276\" \/><input type=\"hidden\" name=\"_wpcf7_version\" value=\"6.1.5\" \/><input type=\"hidden\" name=\"_wpcf7_locale\" value=\"en_US\" \/><input type=\"hidden\" name=\"_wpcf7_unit_tag\" value=\"wpcf7-f119276-o1\" \/><input type=\"hidden\" name=\"_wpcf7_container_post\" value=\"0\" \/><input type=\"hidden\" name=\"_wpcf7_posted_data_hash\" value=\"\" \/><input type=\"hidden\" name=\"_wpcf7_recaptcha_response\" value=\"\" \/>\n<\/fieldset>\n<p><label> Your name<br \/>\n<span class=\"wpcf7-form-control-wrap\" data-name=\"your-name\"><input size=\"40\" maxlength=\"400\" class=\"wpcf7-form-control wpcf7-text wpcf7-validates-as-required\" autocomplete=\"name\" aria-required=\"true\" aria-invalid=\"false\" value=\"\" type=\"text\" name=\"your-name\" \/><\/span> <\/label>\n<\/p>\n<p><label> Your email<br \/>\n<span class=\"wpcf7-form-control-wrap\" data-name=\"your-email\"><input size=\"40\" maxlength=\"400\" class=\"wpcf7-form-control wpcf7-email wpcf7-validates-as-required wpcf7-text wpcf7-validates-as-email\" autocomplete=\"email\" aria-required=\"true\" aria-invalid=\"false\" value=\"\" type=\"email\" name=\"your-email\" \/><\/span> <\/label>\n<\/p>\n<p><label> Subject<br \/>\n<span class=\"wpcf7-form-control-wrap\" data-name=\"your-subject\"><input size=\"40\" maxlength=\"400\" class=\"wpcf7-form-control wpcf7-text wpcf7-validates-as-required\" aria-required=\"true\" aria-invalid=\"false\" value=\"\" type=\"text\" name=\"your-subject\" \/><\/span> <\/label>\n<\/p>\n<p><label> Your message (optional)<br \/>\n<span class=\"wpcf7-form-control-wrap\" data-name=\"your-message\"><textarea cols=\"40\" rows=\"10\" maxlength=\"2000\" class=\"wpcf7-form-control wpcf7-textarea\" aria-invalid=\"false\" name=\"your-message\"><\/textarea><\/span> <\/label>\n<\/p>\n<p><input class=\"wpcf7-form-control wpcf7-submit has-spinner\" type=\"submit\" value=\"Submit\" \/>\n<\/p><div class=\"wpcf7-response-output\" aria-hidden=\"true\"><\/div>\n<\/form>\n<\/div>\n\n","protected":false},"excerpt":{"rendered":"<p>Wir sch\u00e4tzen Ihre R\u00fcckmeldungen, Vorschl\u00e4ge und Fragen und freuen uns darauf, mit unseren Lesern in Kontakt zu treten. Egal, ob Sie eine Rezeptanfrage haben, eine Zusammenarbeit w\u00fcnschen oder einfach nur &#8222;Hallo&#8220; sagen m\u00f6chten, dies ist der perfekte Ort, um mit uns in Kontakt zu treten. Wir glauben daran, eine lebendige Gemeinschaft zu f\u00f6rdern, und wir&#8230;<\/p>\n<div class=\" [&hellip;]\"><a href=\"https:\/\/www.thegfrecipes.com\/de\/kontaktieren-sie-thegfrecipes\/\">Mehr lesen<\/a><\/div>\n","protected":false},"author":2,"featured_media":0,"parent":0,"menu_order":0,"comment_status":"closed","ping_status":"closed","template":"","meta":{"footnotes":""},"class_list":["post-120102","page","type-page","status-publish","hentry"],"acf":{"sub_title":"","show_featured_recipes_slider":false,"featured_recipes":null,"featured_recipes_background_image":null,"featured_recipes_layout_type":"mixed","make_featured_recipes_fixed_width":false,"background_image":null,"background_image_size":"default","parallax_background":"default","enable_custom_header_settings":false,"top_menu_type":"version_1","logo_image":null,"logo_image_width":210},"default_slug":"contact-thegfrecipes","_links":{"self":[{"href":"https:\/\/www.thegfrecipes.com\/de\/wp-json\/wp\/v2\/pages\/120102","targetHints":{"allow":["GET"]}}],"collection":[{"href":"https:\/\/www.thegfrecipes.com\/de\/wp-json\/wp\/v2\/pages"}],"about":[{"href":"https:\/\/www.thegfrecipes.com\/de\/wp-json\/wp\/v2\/types\/page"}],"author":[{"embeddable":true,"href":"https:\/\/www.thegfrecipes.com\/de\/wp-json\/wp\/v2\/users\/2"}],"replies":[{"embeddable":true,"href":"https:\/\/www.thegfrecipes.com\/de\/wp-json\/wp\/v2\/comments?post=120102"}],"version-history":[{"count":4,"href":"https:\/\/www.thegfrecipes.com\/de\/wp-json\/wp\/v2\/pages\/120102\/revisions"}],"predecessor-version":[{"id":120112,"href":"https:\/\/www.thegfrecipes.com\/de\/wp-json\/wp\/v2\/pages\/120102\/revisions\/120112"}],"wp:attachment":[{"href":"https:\/\/www.thegfrecipes.com\/de\/wp-json\/wp\/v2\/media?parent=120102"}],"curies":[{"name":"wp","href":"https:\/\/api.w.org\/{rel}","templated":true}]}}