{"id":120090,"date":"2023-03-05T21:34:12","date_gmt":"2023-03-05T19:34:12","guid":{"rendered":"https:\/\/www.thegfrecipes.com\/kategorien\/"},"modified":"2023-09-17T13:59:57","modified_gmt":"2023-09-17T11:59:57","slug":"kategorien","status":"publish","type":"page","link":"https:\/\/www.thegfrecipes.com\/de\/kategorien\/","title":{"rendered":"Kategorien"},"content":{"rendered":"\n<div class=\"wp-block-rank-math-toc-block\" id=\"rank-math-toc\"><h2>Table of Contents<\/h2><nav><ul><li><a href=\"#gluten-free-pastry\">Glutenfreies Geb\u00e4ck<\/a><\/li><li><a href=\"#gluten-free-breakfast\">Glutenfreies Fr\u00fchst\u00fcck<\/a><\/li><li><a href=\"#gluten-free-lunch\">Glutenfreies Mittagessen<\/a><\/li><li><a href=\"#gluten-free-dinner\">Glutenfreies Abendessen<\/a><\/li><li><a href=\"#gluten-free-categories\">Glutenfreie Kategorien<\/a><\/li><\/ul><\/nav><\/div>\n\n\n\n<p>Willkommen in den glutenfreien Kategorien unseres Blogs, wo wir Ihnen eine k\u00f6stliche Auswahl an sorgf\u00e4ltig ausgew\u00e4hlten Rezepten pr\u00e4sentieren, die auf Ihre Ern\u00e4hrungsbed\u00fcrfnisse abgestimmt sind. Unsere Kategorieseite ist mit verlockenden Optionen gef\u00fcllt, um Ihre Gel\u00fcste zu stillen und gleichzeitig einen glutenfreien Lebensstil einzuhalten. Egal, ob Sie Lust auf ein k\u00f6stliches Geb\u00e4ck, ein herzhaftes Fr\u00fchst\u00fcck, ein zufriedenstellendes Mittagessen oder ein geschmackvolles Abendessen haben, wir haben Sie abgedeckt!  <\/p>\n\n\n\n<h2 class=\"wp-block-heading\" id=\"gluten-free-pastry\"><a href=\"https:\/\/www.thegfrecipes.com\/kategorie\/geback\/?lang=de\">Glutenfreies Geb\u00e4ck<\/a><\/h2>\n\n\n\n<p>Tauchen Sie ein in die himmlische Welt glutenfreier Geb\u00e4cke, in der wir die Kunst beherrscht haben, k\u00f6stliche Leckereien zu kreieren, ohne Kompromisse bei Geschmack und Textur einzugehen. Von knusprigen Torten bis zu schmelzenden Keksen, unsere Geb\u00e4ckrezepte werden Sie nach mehr verlangen lassen. <\/p>\n\n\n\n<h2 class=\"wp-block-heading\" id=\"gluten-free-breakfast\"><a href=\"https:\/\/www.thegfrecipes.com\/kategorie\/fruhstuck\/?lang=de\">Glutenfreies Fr\u00fchst\u00fcck<\/a><\/h2>\n\n\n\n<p>Starten Sie Ihren Tag richtig mit unseren k\u00f6stlichen glutenfreien Fr\u00fchst\u00fccksrezepten. Genie\u00dfen Sie eine Vielzahl von Optionen, die \u00fcber das Gew\u00f6hnliche hinausgehen, wie luftige Pfannkuchen, herzhafte Frittatas und nahrhafte Smoothie-Schalen. Diese Rezepte sind voller Geschmack und werden Sie f\u00fcr einen fantastischen Tag voller Energie versorgen.  <\/p>\n\n\n\n<h2 class=\"wp-block-heading\" id=\"gluten-free-lunch\"><a href=\"https:\/\/www.thegfrecipes.com\/kategorie\/mittagessen\/?lang=de\">Glutenfreies Mittagessen<\/a><\/h2>\n\n\n\n<p>Unsere glutenfreien Mittagsrezepte sind darauf ausgelegt, Ihnen eine zufriedenstellende Mahlzeit zur Mittagszeit zu bieten, die sowohl nahrhaft als auch geschmackvoll ist. Entdecken Sie eine Vielzahl von Salaten, Sandwiches, Wraps und herzhaften Suppen, die Sie satt und bereit f\u00fchlen lassen, den Rest Ihres Tages zu meistern. <\/p>\n\n\n\n<h2 class=\"wp-block-heading\" id=\"gluten-free-dinner\"><a href=\"https:\/\/www.thegfrecipes.com\/kategorie\/abendessen\/?lang=de\">Glutenfreies Abendessen<\/a><\/h2>\n\n\n\n<p>Beenden Sie Ihren Tag auf einem H\u00f6hepunkt mit unserer vielf\u00e4ltigen Sammlung glutenfreier Abendessenrezepte. Von tr\u00f6stlichen Aufl\u00e4ufen \u00fcber verlockende Pfannengerichte bis hin zu eleganten Hauptgerichten bieten wir eine breite Palette von Optionen, die jeden Gaumen ansprechen. Diese Rezepte werden die Abendessenzeit zu einem k\u00f6stlichen Erlebnis f\u00fcr Sie und Ihre Lieben machen.  <\/p>\n\n\n\n<h2 class=\"wp-block-heading\" id=\"gluten-free-categories\"><a href=\"https:\/\/www.thegfrecipes.com\/gluten-free-categories\/\">Glutenfreie Kategorien<\/a><\/h2>\n\n\n\n<p>Viele glutenfreie Kategorien<br>Die besten glutenfreien Kategorien<\/p>\n\n\n\n<p>Eine vollst\u00e4ndige Liste der glutenfreien Kategorien<\/p>\n\n\n\n<p>Leckere glutenfreie Kategorien<br>Z\u00f6liakie ist eine h\u00e4ufige, aber oft missverstandene Autoimmunerkrankung, von der weltweit Millionen von Menschen betroffen sind. Obwohl sie weit verbreitet ist, wird sie bei vielen Menschen nicht oder falsch diagnostiziert, was zu jahrelangem, unn\u00f6tigem Leid f\u00fchrt. In diesem Artikel werden wir die Symptome, die Diagnose und die Behandlung der Z\u00f6liakie er\u00f6rtern und hilfreiche Tipps f\u00fcr den Umgang mit der Krankheit geben.  <\/p>\n\n\n\n<p>Wenn Sie den Verdacht haben, an Z\u00f6liakie zu leiden, ist es wichtig, eine Diagnose von einem Arzt zu erhalten. Der erste Schritt zur Diagnose der Z\u00f6liakie ist ein Bluttest, bei dem auf Antik\u00f6rper untersucht wird, die der K\u00f6rper als Reaktion auf Gluten produziert. F\u00e4llt der Bluttest positiv aus, empfiehlt Ihr Arzt m\u00f6glicherweise eine D\u00fcnndarmbiopsie, um die Diagnose zu best\u00e4tigen.  <\/p>\n\n\n\n<p>Die einzige Behandlung der Z\u00f6liakie ist eine strikte glutenfreie Di\u00e4t. Das bedeutet, dass Sie alle glutenhaltigen Lebensmittel und Getr\u00e4nke meiden, einschlie\u00dflich Brot, Nudeln, Bier und sogar einige Medikamente und Nahrungserg\u00e4nzungsmittel. Es ist wichtig, mit einem eingetragenen Di\u00e4tassistenten oder Ern\u00e4hrungsberater zusammenzuarbeiten, um sicherzustellen, dass Ihre Ern\u00e4hrung ausgewogen ist und Ihren Ern\u00e4hrungsbed\u00fcrfnissen entspricht.  <\/p>\n\n\n\n<p>Das Leben mit Z\u00f6liakie kann eine Herausforderung sein, aber es gibt viele Ressourcen und Unterst\u00fctzungssysteme, die Ihnen helfen, mit der Krankheit umzugehen. Einige Tipps f\u00fcr den Umgang mit Z\u00f6liakie sind: <\/p>\n\n\n\n<ul class=\"wp-block-list\">\n<li>Lernen Sie, Lebensmitteletiketten zu lesen und versteckte Glutenquellen zu erkennen.<\/li>\n\n\n\n<li>Halten Sie glutenfreie Snacks und Mahlzeiten bereit, wenn Sie ausw\u00e4rts oder auf Reisen essen.<\/li>\n\n\n\n<li>Schlie\u00dfen Sie sich einer lokalen oder Online-Selbsthilfegruppe f\u00fcr Menschen mit Z\u00f6liakie an.<\/li>\n\n\n\n<li>Aufkl\u00e4rung von Familie und Freunden \u00fcber die Erkrankung und die Bedeutung einer glutenfreien Ern\u00e4hrung<\/li>\n\n\n\n<li>Erw\u00e4gen Sie ein Gespr\u00e4ch mit einem Therapeuten oder Berater, um die emotionalen Auswirkungen des Lebens mit einer chronischen Krankheit zu bew\u00e4ltigen.<\/li>\n<\/ul>\n\n\n\n<p>Die Forschung auf dem Gebiet der Z\u00f6liakie wird fortgesetzt, und es zeichnen sich vielversprechende neue Behandlungen und Therapien ab. Zu den Schwerpunkten der Z\u00f6liakieforschung geh\u00f6ren unter anderem: <\/p>\n\n\n\n<ul class=\"wp-block-list\">\n<li>Entwicklung von Medikamenten zum Schutz des D\u00fcnndarms vor glutenbedingten Sch\u00e4den<\/li>\n\n\n\n<li>Erforschung des Darmmikrobioms und seiner Rolle bei Z\u00f6liakie<\/li>\n\n\n\n<li>Untersuchung potenzieller Gentherapien f\u00fcr Z\u00f6liakie<\/li>\n<\/ul>\n\n\n\n<p>Z\u00f6liakie ist eine schwere Autoimmunerkrankung, die eine lebenslange glutenfreie Ern\u00e4hrung erfordert. Wenn Sie den Verdacht haben, an Z\u00f6liakie zu leiden, sollten Sie unbedingt eine \u00e4rztliche Diagnose einholen und mit einem eingetragenen Di\u00e4tassistenten oder Ern\u00e4hrungsberater zusammenarbeiten, um die Krankheit in den Griff zu bekommen. Mit der richtigen Behandlung k\u00f6nnen Menschen mit Z\u00f6liakie ein gesundes, erf\u00fclltes Leben f\u00fchren.  <\/p>\n\n\n\n<p>Sind Sie auf der Suche nach einem umfassenden Leitfaden f\u00fcr eine glutenfreie Ern\u00e4hrung? Ganz gleich, ob Sie an Z\u00f6liakie oder einer Glutenunvertr\u00e4glichkeit leiden oder einfach nur Ihren Glutenkonsum reduzieren m\u00f6chten &#8211; es ist wichtig zu wissen, welche Lebensmittel sicher sind und welche Sie vermeiden sollten. In diesem Artikel stellen wir Ihnen eine Liste mit glutenfreien Lebensmitteln zur Verf\u00fcgung, einschlie\u00dflich einiger k\u00f6stlicher und gesunder Optionen, die Ihnen helfen, eine ausgewogene Ern\u00e4hrung beizubehalten.  <\/p>\n\n\n\n<p>Gluten ist ein Protein, das in Weizen, Gerste, Roggen und deren Derivaten vorkommt. Es ist verantwortlich f\u00fcr die Elastizit\u00e4t und Textur vieler Backwaren, darunter Brot, Pizzateig und Nudeln. Leider kann der Verzehr von Gluten bei Menschen mit Z\u00f6liakie die D\u00fcnndarmschleimhaut sch\u00e4digen, was zu einer Malabsorption von N\u00e4hrstoffen und einer Vielzahl von Gesundheitsproblemen f\u00fchrt.  <\/p>\n\n\n\n<p>Unsere Facebook-Seite: <a href=\"https:\/\/www.facebook.com\/thegfrecipes\" target=\"_blank\" rel=\"noopener\">https:\/\/www.facebook.com\/thegfrecipes<\/a><\/p>\n\n\n\n<p>Unsere Geb\u00e4ckrezepte: <a href=\"https:\/\/www.thegfrecipes.com\/kategorie\/geback\/?lang=de\">https:\/\/www.thegfrecipes.com\/category\/pastry\/<\/a><\/p>\n\n\n\n<figure class=\"wp-block-image size-large is-resized\"><img loading=\"lazy\" decoding=\"async\" src=\"https:\/\/www.thegfrecipes.com\/wp-content\/uploads\/2023\/06\/Snapshot_1079-1024x576.jpg\" alt=\"glutenfreie Kategorien\" class=\"wp-image-113244\" style=\"width:336px;height:188px\" width=\"336\" height=\"188\" srcset=\"https:\/\/www.thegfrecipes.com\/wp-content\/uploads\/2023\/06\/Snapshot_1079-1024x576.jpg 1024w, https:\/\/www.thegfrecipes.com\/wp-content\/uploads\/2023\/06\/Snapshot_1079-300x169.jpg 300w, https:\/\/www.thegfrecipes.com\/wp-content\/uploads\/2023\/06\/Snapshot_1079-768x432.jpg 768w, https:\/\/www.thegfrecipes.com\/wp-content\/uploads\/2023\/06\/Snapshot_1079-1536x864.jpg 1536w, https:\/\/www.thegfrecipes.com\/wp-content\/uploads\/2023\/06\/Snapshot_1079-500x281.jpg 500w, https:\/\/www.thegfrecipes.com\/wp-content\/uploads\/2023\/06\/Snapshot_1079-1300x731.jpg 1300w, https:\/\/www.thegfrecipes.com\/wp-content\/uploads\/2023\/06\/Snapshot_1079.jpg 1920w\" sizes=\"auto, (max-width: 336px) 100vw, 336px\" \/><\/figure>\n","protected":false},"excerpt":{"rendered":"<p>Willkommen in den glutenfreien Kategorien unseres Blogs, wo wir Ihnen eine k\u00f6stliche Auswahl an sorgf\u00e4ltig ausgew\u00e4hlten Rezepten pr\u00e4sentieren, die auf Ihre Ern\u00e4hrungsbed\u00fcrfnisse abgestimmt sind. Unsere Kategorieseite ist mit verlockenden Optionen gef\u00fcllt, um Ihre Gel\u00fcste zu stillen und gleichzeitig einen glutenfreien Lebensstil einzuhalten. Egal, ob Sie Lust auf ein k\u00f6stliches Geb\u00e4ck, ein herzhaftes Fr\u00fchst\u00fcck, ein zufriedenstellendes&#8230;<\/p>\n<div class=\" [&hellip;]\"><a href=\"https:\/\/www.thegfrecipes.com\/de\/kategorien\/\">Mehr lesen<\/a><\/div>\n","protected":false},"author":2,"featured_media":0,"parent":0,"menu_order":0,"comment_status":"closed","ping_status":"closed","template":"page-categories.php","meta":{"footnotes":""},"class_list":["post-120090","page","type-page","status-publish","hentry"],"acf":{"sub_title":"","which_categories_to_show":"select","category_items":[{"title":"Fr\u00fchst\u00fcck","description":"Eine gro\u00dfe Auswahl an k\u00f6stlichen und nahrhaften Fr\u00fchst\u00fccksideen f\u00fcr einen guten Start in den Tag. Ganz gleich, ob Sie etwas Schnelles und Einfaches suchen oder eine aufwendigere Mahlzeit, mit der Sie Ihre G\u00e4ste beeindrucken k\u00f6nnen - wir haben das Richtige f\u00fcr Sie. ","what_to_show":"category","category":1632,"page":null,"custom_link":"","image":109310},{"title":"Mittagessen","description":"Unsere Mittagsrezepte sind schnell und einfach zuzubereiten und eignen sich perfekt f\u00fcr einen stressigen Arbeitstag oder ein Mittagessen mit Freunden und Familie am Wochenende. Wir verwenden frische, saisonale Zutaten und einfache Kochtechniken, um Gerichte zu kreieren, die gesund, schmackhaft und s\u00e4ttigend sind. ","what_to_show":"category","category":1633,"page":null,"custom_link":"","image":109316},{"title":"Abendessen","description":"Von klassischen Gerichten wie Burgern und Tacos bis hin zu internationalen Favoriten wie Thunfischspaghetti und Sushi - unsere Rezepte f\u00fcr Abendessen sind perfekt f\u00fcr stressige Abende unter der Woche, wenn Sie eine schnelle und einfache Mahlzeit brauchen.","what_to_show":"category","category":1635,"page":null,"custom_link":"","image":109032},{"title":"Geb\u00e4ck","description":"Egal, ob Sie ein erfahrener B\u00e4cker oder ein Anf\u00e4nger sind, unsere einfachen Rezepte helfen Ihnen, mit Leichtigkeit k\u00f6stliche Brote, Br\u00f6tchen, Baguettes und Brezeln zu backen. ","what_to_show":"category","category":1621,"page":null,"custom_link":"","image":109038},{"title":"Brot und Br\u00f6tchen","description":"Egal, ob Sie ein erfahrener B\u00e4cker oder ein Anf\u00e4nger sind, unsere einfachen Rezepte helfen Ihnen, mit Leichtigkeit k\u00f6stliche Brote, Br\u00f6tchen, Baguettes und Brezeln zu backen. ","what_to_show":"category","category":1609,"page":null,"custom_link":"","image":109045}],"show_featured_recipes_slider":false,"featured_recipes":null,"featured_recipes_background_image":"","featured_recipes_layout_type":"mixed","make_featured_recipes_fixed_width":false,"background_image":"","background_image_size":"default","parallax_background":"default","enable_custom_header_settings":false,"top_menu_type":"version_1","logo_image":null,"logo_image_width":210},"default_slug":"categories","_links":{"self":[{"href":"https:\/\/www.thegfrecipes.com\/de\/wp-json\/wp\/v2\/pages\/120090","targetHints":{"allow":["GET"]}}],"collection":[{"href":"https:\/\/www.thegfrecipes.com\/de\/wp-json\/wp\/v2\/pages"}],"about":[{"href":"https:\/\/www.thegfrecipes.com\/de\/wp-json\/wp\/v2\/types\/page"}],"author":[{"embeddable":true,"href":"https:\/\/www.thegfrecipes.com\/de\/wp-json\/wp\/v2\/users\/2"}],"replies":[{"embeddable":true,"href":"https:\/\/www.thegfrecipes.com\/de\/wp-json\/wp\/v2\/comments?post=120090"}],"version-history":[{"count":5,"href":"https:\/\/www.thegfrecipes.com\/de\/wp-json\/wp\/v2\/pages\/120090\/revisions"}],"predecessor-version":[{"id":120095,"href":"https:\/\/www.thegfrecipes.com\/de\/wp-json\/wp\/v2\/pages\/120090\/revisions\/120095"}],"wp:attachment":[{"href":"https:\/\/www.thegfrecipes.com\/de\/wp-json\/wp\/v2\/media?parent=120090"}],"curies":[{"name":"wp","href":"https:\/\/api.w.org\/{rel}","templated":true}]}}